{"id":13,"date":"2025-09-23T00:38:39","date_gmt":"2025-09-22T22:38:39","guid":{"rendered":"https:\/\/greenupstore.com\/panier\/"},"modified":"2025-12-11T19:32:16","modified_gmt":"2025-12-11T18:32:16","slug":"panier","status":"publish","type":"page","link":"https:\/\/greenupstore.com\/?page_id=13","title":{"rendered":"PANIER"},"content":{"rendered":"\n<div data-block-name=\"woocommerce\/cart\" class=\"wp-block-woocommerce-cart is-loading\">\n<div data-block-name=\"woocommerce\/filled-cart-block\" class=\"wp-block-woocommerce-filled-cart-block alignwide\">\n<div data-block-name=\"woocommerce\/cart-items-block\" class=\"wp-block-woocommerce-cart-items-block\">\n<div data-block-name=\"woocommerce\/cart-line-items-block\" class=\"wp-block-woocommerce-cart-line-items-block\"><\/div>\n\n\n<\/div>\n\n\n\n<div data-block-name=\"woocommerce\/cart-totals-block\" class=\"wp-block-woocommerce-cart-totals-block\">\n<div data-block-name=\"woocommerce\/cart-order-summary-block\" class=\"wp-block-woocommerce-cart-order-summary-block\">\n<div data-block-name=\"woocommerce\/cart-order-summary-heading-block\" data-content=\"Total panier\" class=\"wp-block-woocommerce-cart-order-summary-heading-block\"><\/div>\n\n\n\n<div data-block-name=\"woocommerce\/cart-order-summary-coupon-form-block\" class=\"wp-block-woocommerce-cart-order-summary-coupon-form-block\"><\/div>\n\n\n\n<div data-block-name=\"woocommerce\/cart-order-summary-totals-block\" class=\"wp-block-woocommerce-cart-order-summary-totals-block\">\n<div data-block-name=\"woocommerce\/cart-order-summary-subtotal-block\" class=\"wp-block-woocommerce-cart-order-summary-subtotal-block\"><\/div>\n\n\n\n<div data-block-name=\"woocommerce\/cart-order-summary-fee-block\" class=\"wp-block-woocommerce-cart-order-summary-fee-block\"><\/div>\n\n\n\n<div data-block-name=\"woocommerce\/cart-order-summary-discount-block\" class=\"wp-block-woocommerce-cart-order-summary-discount-block\"><\/div>\n\n\n\n<div data-block-name=\"woocommerce\/cart-order-summary-shipping-block\" class=\"wp-block-woocommerce-cart-order-summary-shipping-block\"><\/div>\n\n\n\n<div data-block-name=\"woocommerce\/cart-order-summary-taxes-block\" class=\"wp-block-woocommerce-cart-order-summary-taxes-block\"><\/div>\n<\/div>\n<\/div>\n\n\n\n\n\n<div data-block-name=\"woocommerce\/cart-express-payment-block\" class=\"wp-block-woocommerce-cart-express-payment-block\"><\/div>\n\n\n\n<div data-block-name=\"woocommerce\/proceed-to-checkout-block\" class=\"wp-block-woocommerce-proceed-to-checkout-block\"><\/div>\n<div id=\"ppcp-recaptcha-v2-container\" style=\"margin:20px 0;\"><\/div>\n\n\n<div data-block-name=\"woocommerce\/cart-accepted-payment-methods-block\" class=\"wp-block-woocommerce-cart-accepted-payment-methods-block\"><\/div>\n<\/div>\n<\/div>\n\n\n\n<div data-block-name=\"woocommerce\/empty-cart-block\" class=\"wp-block-woocommerce-empty-cart-block\">\n<h2 class=\"wp-block-heading has-text-align-center with-empty-cart-icon wc-block-cart__empty-cart__title\">Votre panier est actuellement vide&nbsp;!<\/h2>\n\n\n\n<hr class=\"wp-block-separator has-alpha-channel-opacity is-style-dots\"\/>\n\n\n\n<h2 class=\"wp-block-heading has-text-align-center\">Nouveau dans la boutique<\/h2>\n\n\n<div data-block-name=\"woocommerce\/product-new\" data-columns=\"4\" data-rows=\"1\" class=\"wc-block-grid wp-block-product-new wp-block-woocommerce-product-new wc-block-product-new has-4-columns\"><ul class=\"wc-block-grid__products\"><li class=\"wc-block-grid__product\">\n\t\t\t\t<a href=\"https:\/\/greenupstore.com\/?product=peluche-ourson-mignon-40-cm\" class=\"wc-block-grid__product-link\">\n\t\t\t\t\t\n\t\t\t\t\t<div class=\"wc-block-grid__product-image\"><img loading=\"lazy\" decoding=\"async\" width=\"300\" height=\"300\" src=\"https:\/\/greenupstore.com\/wp-content\/uploads\/2025\/12\/Capture-decran-2025-12-22-174620-300x300.png\" class=\"attachment-woocommerce_thumbnail size-woocommerce_thumbnail\" alt=\"Peluche Ourson Mignon (40 cm)\" srcset=\"https:\/\/greenupstore.com\/wp-content\/uploads\/2025\/12\/Capture-decran-2025-12-22-174620-300x300.png 300w, https:\/\/greenupstore.com\/wp-content\/uploads\/2025\/12\/Capture-decran-2025-12-22-174620-150x150.png 150w, https:\/\/greenupstore.com\/wp-content\/uploads\/2025\/12\/Capture-decran-2025-12-22-174620-768x767.png 768w, https:\/\/greenupstore.com\/wp-content\/uploads\/2025\/12\/Capture-decran-2025-12-22-174620-600x599.png 600w, https:\/\/greenupstore.com\/wp-content\/uploads\/2025\/12\/Capture-decran-2025-12-22-174620-100x100.png 100w, https:\/\/greenupstore.com\/wp-content\/uploads\/2025\/12\/Capture-decran-2025-12-22-174620.png 921w\" sizes=\"auto, (max-width: 300px) 100vw, 300px\" \/><\/div>\n\t\t\t\t\t<div class=\"wc-block-grid__product-title\">Peluche Ourson Mignon (40 cm)<\/div>\n\t\t\t\t<\/a>\n\t\t\t\t<div class=\"wc-block-grid__product-price price\"><span class=\"woocommerce-Price-amount amount\">14,90&nbsp;<span class=\"woocommerce-Price-currencySymbol\">&euro;<\/span><\/span><\/div>\n\t\t\t\t\n\t\t\t\t<div class=\"wp-block-button wc-block-grid__product-add-to-cart\"><a href=\"\/index.php?rest_route=%2Fwp%2Fv2%2Fpages%2F13&#038;add-to-cart=1103\" aria-label=\"Ajouter au panier\u00a0: &ldquo;Peluche Ourson Mignon (40 cm)&rdquo;\" data-quantity=\"1\" data-product_id=\"1103\" data-product_sku=\"PEL-OUR-001\" data-price=\"14.9\" rel=\"nofollow\" class=\"wp-block-button__link  add_to_cart_button ajax_add_to_cart\">Ajouter au panier<\/a><\/div>\n\t\t\t<\/li><li class=\"wc-block-grid__product\">\n\t\t\t\t<a href=\"https:\/\/greenupstore.com\/?product=etageres-murales-bohemes-lotus-en-bois-naturel-%f0%9f%aa%b7\" class=\"wc-block-grid__product-link\">\n\t\t\t\t\t\n\t\t\t\t\t<div class=\"wc-block-grid__product-image\"><img loading=\"lazy\" decoding=\"async\" width=\"300\" height=\"300\" src=\"https:\/\/greenupstore.com\/wp-content\/uploads\/2025\/12\/Capture-decran-2025-12-19-210644-300x300.png\" class=\"attachment-woocommerce_thumbnail size-woocommerce_thumbnail\" alt=\"\u00c9tag\u00e8res murales boh\u00e8mes Lotus en bois naturel \ud83e\udeb7\" srcset=\"https:\/\/greenupstore.com\/wp-content\/uploads\/2025\/12\/Capture-decran-2025-12-19-210644-300x300.png 300w, https:\/\/greenupstore.com\/wp-content\/uploads\/2025\/12\/Capture-decran-2025-12-19-210644-150x150.png 150w, https:\/\/greenupstore.com\/wp-content\/uploads\/2025\/12\/Capture-decran-2025-12-19-210644-100x100.png 100w\" sizes=\"auto, (max-width: 300px) 100vw, 300px\" \/><\/div>\n\t\t\t\t\t<div class=\"wc-block-grid__product-title\">\u00c9tag\u00e8res murales boh\u00e8mes Lotus en bois naturel \ud83e\udeb7<\/div>\n\t\t\t\t<\/a>\n\t\t\t\t<div class=\"wc-block-grid__product-price price\"><span class=\"woocommerce-Price-amount amount\">9,90&nbsp;<span class=\"woocommerce-Price-currencySymbol\">&euro;<\/span><\/span><\/div>\n\t\t\t\t\n\t\t\t\t<div class=\"wp-block-button wc-block-grid__product-add-to-cart\"><a href=\"\/index.php?rest_route=%2Fwp%2Fv2%2Fpages%2F13&#038;add-to-cart=1095\" aria-label=\"Ajouter au panier\u00a0: &ldquo;\u00c9tag\u00e8res murales boh\u00e8mes Lotus en bois naturel \ud83e\udeb7&rdquo;\" data-quantity=\"1\" data-product_id=\"1095\" data-product_sku=\"ETA-MUR-002\" data-price=\"9.9\" rel=\"nofollow\" class=\"wp-block-button__link  add_to_cart_button ajax_add_to_cart\">Ajouter au panier<\/a><\/div>\n\t\t\t<\/li><li class=\"wc-block-grid__product\">\n\t\t\t\t<a href=\"https:\/\/greenupstore.com\/?product=cadre-photo-noir-elegant-15x15cm-lot-de-3-%f0%9f%96%bc%ef%b8%8f\" class=\"wc-block-grid__product-link\">\n\t\t\t\t\t\n\t\t\t\t\t<div class=\"wc-block-grid__product-image\"><img loading=\"lazy\" decoding=\"async\" width=\"300\" height=\"300\" src=\"https:\/\/greenupstore.com\/wp-content\/uploads\/2025\/12\/Capture-decran-2025-12-17-182159-300x300.png\" class=\"attachment-woocommerce_thumbnail size-woocommerce_thumbnail\" alt=\"Cadre photo noir \u00e9l\u00e9gant 15X15cm (Lot de 3) \ud83d\uddbc\ufe0f\" srcset=\"https:\/\/greenupstore.com\/wp-content\/uploads\/2025\/12\/Capture-decran-2025-12-17-182159-300x300.png 300w, https:\/\/greenupstore.com\/wp-content\/uploads\/2025\/12\/Capture-decran-2025-12-17-182159-150x150.png 150w, https:\/\/greenupstore.com\/wp-content\/uploads\/2025\/12\/Capture-decran-2025-12-17-182159-100x100.png 100w\" sizes=\"auto, (max-width: 300px) 100vw, 300px\" \/><\/div>\n\t\t\t\t\t<div class=\"wc-block-grid__product-title\">Cadre photo noir \u00e9l\u00e9gant 15X15cm (Lot de 3) \ud83d\uddbc\ufe0f<\/div>\n\t\t\t\t<\/a>\n\t\t\t\t<div class=\"wc-block-grid__product-price price\"><span class=\"woocommerce-Price-amount amount\">13,90&nbsp;<span class=\"woocommerce-Price-currencySymbol\">&euro;<\/span><\/span><\/div>\n\t\t\t\t\n\t\t\t\t<div class=\"wp-block-button wc-block-grid__product-add-to-cart\"><a href=\"\/index.php?rest_route=%2Fwp%2Fv2%2Fpages%2F13&#038;add-to-cart=1090\" aria-label=\"Ajouter au panier\u00a0: &ldquo;Cadre photo noir \u00e9l\u00e9gant 15X15cm (Lot de 3) \ud83d\uddbc\ufe0f&rdquo;\" data-quantity=\"1\" data-product_id=\"1090\" data-product_sku=\"CAD-PHO-001\" data-price=\"13.9\" rel=\"nofollow\" class=\"wp-block-button__link  add_to_cart_button ajax_add_to_cart\">Ajouter au panier<\/a><\/div>\n\t\t\t<\/li><li class=\"wc-block-grid__product\">\n\t\t\t\t<a href=\"https:\/\/greenupstore.com\/?product=plante-artificielle-decorative-en-pot-lot-de-2%f0%9f%8c%bf\" class=\"wc-block-grid__product-link\">\n\t\t\t\t\t\n\t\t\t\t\t<div class=\"wc-block-grid__product-image\"><img loading=\"lazy\" decoding=\"async\" width=\"300\" height=\"300\" src=\"https:\/\/greenupstore.com\/wp-content\/uploads\/2025\/12\/Capture-decran-2025-12-17-180502-300x300.png\" class=\"attachment-woocommerce_thumbnail size-woocommerce_thumbnail\" alt=\"Plante artificielle d\u00e9corative en pot\u00a0(Lot de 2)\ud83c\udf3f\" srcset=\"https:\/\/greenupstore.com\/wp-content\/uploads\/2025\/12\/Capture-decran-2025-12-17-180502-300x300.png 300w, https:\/\/greenupstore.com\/wp-content\/uploads\/2025\/12\/Capture-decran-2025-12-17-180502-150x150.png 150w, https:\/\/greenupstore.com\/wp-content\/uploads\/2025\/12\/Capture-decran-2025-12-17-180502-768x769.png 768w, https:\/\/greenupstore.com\/wp-content\/uploads\/2025\/12\/Capture-decran-2025-12-17-180502-600x601.png 600w, https:\/\/greenupstore.com\/wp-content\/uploads\/2025\/12\/Capture-decran-2025-12-17-180502-100x100.png 100w, https:\/\/greenupstore.com\/wp-content\/uploads\/2025\/12\/Capture-decran-2025-12-17-180502.png 805w\" sizes=\"auto, (max-width: 300px) 100vw, 300px\" \/><\/div>\n\t\t\t\t\t<div class=\"wc-block-grid__product-title\">Plante artificielle d\u00e9corative en pot\u00a0(Lot de 2)\ud83c\udf3f<\/div>\n\t\t\t\t<\/a>\n\t\t\t\t<div class=\"wc-block-grid__product-price price\"><span class=\"woocommerce-Price-amount amount\">10,90&nbsp;<span class=\"woocommerce-Price-currencySymbol\">&euro;<\/span><\/span><\/div>\n\t\t\t\t\n\t\t\t\t<div class=\"wp-block-button wc-block-grid__product-add-to-cart\"><a href=\"\/index.php?rest_route=%2Fwp%2Fv2%2Fpages%2F13&#038;add-to-cart=1086\" aria-label=\"Ajouter au panier\u00a0: &ldquo;Plante artificielle d\u00e9corative en pot\u00a0(Lot de 2)\ud83c\udf3f&rdquo;\" data-quantity=\"1\" data-product_id=\"1086\" data-product_sku=\"PAN-LOV-001-1\" data-price=\"10.9\" rel=\"nofollow\" class=\"wp-block-button__link  add_to_cart_button ajax_add_to_cart\">Ajouter au panier<\/a><\/div>\n\t\t\t<\/li><\/ul><\/div><\/div>\n<\/div>\n","protected":false},"excerpt":{"rendered":"","protected":false},"author":1,"featured_media":0,"parent":0,"menu_order":0,"comment_status":"closed","ping_status":"closed","template":"","meta":{"site-sidebar-layout":"default","site-content-layout":"","ast-site-content-layout":"default","site-content-style":"default","site-sidebar-style":"default","ast-global-header-display":"","ast-banner-title-visibility":"","ast-main-header-display":"","ast-hfb-above-header-display":"","ast-hfb-below-header-display":"","ast-hfb-mobile-header-display":"","site-post-title":"","ast-breadcrumbs-content":"","ast-featured-img":"","footer-sml-layout":"","theme-transparent-header-meta":"","adv-header-id-meta":"","stick-header-meta":"","header-above-stick-meta":"","header-main-stick-meta":"","header-below-stick-meta":"","astra-migrate-meta-layouts":"default","ast-page-background-enabled":"default","ast-page-background-meta":{"desktop":{"background-color":"var(--ast-global-color-5)","background-image":"","background-repeat":"repeat","background-position":"center center","background-size":"auto","background-attachment":"scroll","background-type":"","background-media":"","overlay-type":"","overlay-color":"","overlay-opacity":"","overlay-gradient":""},"tablet":{"background-color":"","background-image":"","background-repeat":"repeat","background-position":"center center","background-size":"auto","background-attachment":"scroll","background-type":"","background-media":"","overlay-type":"","overlay-color":"","overlay-opacity":"","overlay-gradient":""},"mobile":{"background-color":"","background-image":"","background-repeat":"repeat","background-position":"center center","background-size":"auto","background-attachment":"scroll","background-type":"","background-media":"","overlay-type":"","overlay-color":"","overlay-opacity":"","overlay-gradient":""}},"ast-content-background-meta":{"desktop":{"background-color":"var(--ast-global-color-4)","background-image":"","background-repeat":"repeat","background-position":"center center","background-size":"auto","background-attachment":"scroll","background-type":"","background-media":"","overlay-type":"","overlay-color":"","overlay-opacity":"","overlay-gradient":""},"tablet":{"background-color":"var(--ast-global-color-4)","background-image":"","background-repeat":"repeat","background-position":"center center","background-size":"auto","background-attachment":"scroll","background-type":"","background-media":"","overlay-type":"","overlay-color":"","overlay-opacity":"","overlay-gradient":""},"mobile":{"background-color":"var(--ast-global-color-4)","background-image":"","background-repeat":"repeat","background-position":"center center","background-size":"auto","background-attachment":"scroll","background-type":"","background-media":"","overlay-type":"","overlay-color":"","overlay-opacity":"","overlay-gradient":""}},"footnotes":""},"class_list":["post-13","page","type-page","status-publish","hentry"],"yoast_head":"<!-- This site is optimized with the Yoast SEO plugin v26.5 - https:\/\/yoast.com\/wordpress\/plugins\/seo\/ -->\n<title>PANIER -<\/title>\n<meta name=\"robots\" content=\"index, follow, max-snippet:-1, max-image-preview:large, max-video-preview:-1\" \/>\n<link rel=\"canonical\" href=\"https:\/\/greenupstore.com\/?page_id=13\" \/>\n<meta property=\"og:locale\" content=\"fr_FR\" \/>\n<meta property=\"og:type\" content=\"article\" \/>\n<meta property=\"og:title\" content=\"PANIER -\" \/>\n<meta property=\"og:url\" content=\"https:\/\/greenupstore.com\/?page_id=13\" \/>\n<meta property=\"article:modified_time\" content=\"2025-12-11T18:32:16+00:00\" \/>\n<meta name=\"twitter:card\" content=\"summary_large_image\" \/>\n<meta name=\"twitter:label1\" content=\"Dur\u00e9e de lecture estim\u00e9e\" \/>\n\t<meta name=\"twitter:data1\" content=\"1 minute\" \/>\n<script type=\"application\/ld+json\" class=\"yoast-schema-graph\">{\"@context\":\"https:\/\/schema.org\",\"@graph\":[{\"@type\":\"WebPage\",\"@id\":\"https:\/\/greenupstore.com\/?page_id=13\",\"url\":\"https:\/\/greenupstore.com\/?page_id=13\",\"name\":\"PANIER -\",\"isPartOf\":{\"@id\":\"https:\/\/greenupstore.com\/#website\"},\"datePublished\":\"2025-09-22T22:38:39+00:00\",\"dateModified\":\"2025-12-11T18:32:16+00:00\",\"breadcrumb\":{\"@id\":\"https:\/\/greenupstore.com\/?page_id=13#breadcrumb\"},\"inLanguage\":\"fr-FR\",\"potentialAction\":[{\"@type\":\"ReadAction\",\"target\":[\"https:\/\/greenupstore.com\/?page_id=13\"]}]},{\"@type\":\"BreadcrumbList\",\"@id\":\"https:\/\/greenupstore.com\/?page_id=13#breadcrumb\",\"itemListElement\":[{\"@type\":\"ListItem\",\"position\":1,\"name\":\"Accueil\",\"item\":\"https:\/\/greenupstore.com\/\"},{\"@type\":\"ListItem\",\"position\":2,\"name\":\"PANIER\"}]},{\"@type\":\"WebSite\",\"@id\":\"https:\/\/greenupstore.com\/#website\",\"url\":\"https:\/\/greenupstore.com\/\",\"name\":\"https:\/\/greenupstore.com\/\",\"description\":\"\",\"publisher\":{\"@id\":\"https:\/\/greenupstore.com\/#organization\"},\"potentialAction\":[{\"@type\":\"SearchAction\",\"target\":{\"@type\":\"EntryPoint\",\"urlTemplate\":\"https:\/\/greenupstore.com\/?s={search_term_string}\"},\"query-input\":{\"@type\":\"PropertyValueSpecification\",\"valueRequired\":true,\"valueName\":\"search_term_string\"}}],\"inLanguage\":\"fr-FR\"},{\"@type\":\"Organization\",\"@id\":\"https:\/\/greenupstore.com\/#organization\",\"name\":\"GreenUp\",\"url\":\"https:\/\/greenupstore.com\/\",\"logo\":{\"@type\":\"ImageObject\",\"inLanguage\":\"fr-FR\",\"@id\":\"https:\/\/greenupstore.com\/#\/schema\/logo\/image\/\",\"url\":\"https:\/\/greenupstore.com\/wp-content\/uploads\/2025\/09\/cropped-green-2.png\",\"contentUrl\":\"https:\/\/greenupstore.com\/wp-content\/uploads\/2025\/09\/cropped-green-2.png\",\"width\":555,\"height\":132,\"caption\":\"GreenUp\"},\"image\":{\"@id\":\"https:\/\/greenupstore.com\/#\/schema\/logo\/image\/\"}}]}<\/script>\n<!-- \/ Yoast SEO plugin. -->","yoast_head_json":{"title":"PANIER -","robots":{"index":"index","follow":"follow","max-snippet":"max-snippet:-1","max-image-preview":"max-image-preview:large","max-video-preview":"max-video-preview:-1"},"canonical":"https:\/\/greenupstore.com\/?page_id=13","og_locale":"fr_FR","og_type":"article","og_title":"PANIER -","og_url":"https:\/\/greenupstore.com\/?page_id=13","article_modified_time":"2025-12-11T18:32:16+00:00","twitter_card":"summary_large_image","twitter_misc":{"Dur\u00e9e de lecture estim\u00e9e":"1 minute"},"schema":{"@context":"https:\/\/schema.org","@graph":[{"@type":"WebPage","@id":"https:\/\/greenupstore.com\/?page_id=13","url":"https:\/\/greenupstore.com\/?page_id=13","name":"PANIER -","isPartOf":{"@id":"https:\/\/greenupstore.com\/#website"},"datePublished":"2025-09-22T22:38:39+00:00","dateModified":"2025-12-11T18:32:16+00:00","breadcrumb":{"@id":"https:\/\/greenupstore.com\/?page_id=13#breadcrumb"},"inLanguage":"fr-FR","potentialAction":[{"@type":"ReadAction","target":["https:\/\/greenupstore.com\/?page_id=13"]}]},{"@type":"BreadcrumbList","@id":"https:\/\/greenupstore.com\/?page_id=13#breadcrumb","itemListElement":[{"@type":"ListItem","position":1,"name":"Accueil","item":"https:\/\/greenupstore.com\/"},{"@type":"ListItem","position":2,"name":"PANIER"}]},{"@type":"WebSite","@id":"https:\/\/greenupstore.com\/#website","url":"https:\/\/greenupstore.com\/","name":"https:\/\/greenupstore.com\/","description":"","publisher":{"@id":"https:\/\/greenupstore.com\/#organization"},"potentialAction":[{"@type":"SearchAction","target":{"@type":"EntryPoint","urlTemplate":"https:\/\/greenupstore.com\/?s={search_term_string}"},"query-input":{"@type":"PropertyValueSpecification","valueRequired":true,"valueName":"search_term_string"}}],"inLanguage":"fr-FR"},{"@type":"Organization","@id":"https:\/\/greenupstore.com\/#organization","name":"GreenUp","url":"https:\/\/greenupstore.com\/","logo":{"@type":"ImageObject","inLanguage":"fr-FR","@id":"https:\/\/greenupstore.com\/#\/schema\/logo\/image\/","url":"https:\/\/greenupstore.com\/wp-content\/uploads\/2025\/09\/cropped-green-2.png","contentUrl":"https:\/\/greenupstore.com\/wp-content\/uploads\/2025\/09\/cropped-green-2.png","width":555,"height":132,"caption":"GreenUp"},"image":{"@id":"https:\/\/greenupstore.com\/#\/schema\/logo\/image\/"}}]}},"_hostinger_reach_plugin_has_subscription_block":false,"_hostinger_reach_plugin_is_elementor":false,"jetpack_sharing_enabled":true,"_links":{"self":[{"href":"https:\/\/greenupstore.com\/index.php?rest_route=\/wp\/v2\/pages\/13","targetHints":{"allow":["GET"]}}],"collection":[{"href":"https:\/\/greenupstore.com\/index.php?rest_route=\/wp\/v2\/pages"}],"about":[{"href":"https:\/\/greenupstore.com\/index.php?rest_route=\/wp\/v2\/types\/page"}],"author":[{"embeddable":true,"href":"https:\/\/greenupstore.com\/index.php?rest_route=\/wp\/v2\/users\/1"}],"replies":[{"embeddable":true,"href":"https:\/\/greenupstore.com\/index.php?rest_route=%2Fwp%2Fv2%2Fcomments&post=13"}],"version-history":[{"count":3,"href":"https:\/\/greenupstore.com\/index.php?rest_route=\/wp\/v2\/pages\/13\/revisions"}],"predecessor-version":[{"id":1001,"href":"https:\/\/greenupstore.com\/index.php?rest_route=\/wp\/v2\/pages\/13\/revisions\/1001"}],"wp:attachment":[{"href":"https:\/\/greenupstore.com\/index.php?rest_route=%2Fwp%2Fv2%2Fmedia&parent=13"}],"curies":[{"name":"wp","href":"https:\/\/api.w.org\/{rel}","templated":true}]}}