{"id":678,"date":"2025-10-15T18:44:54","date_gmt":"2025-10-15T16:44:54","guid":{"rendered":"https:\/\/greenupstore.com\/?post_type=product&#038;p=678"},"modified":"2025-12-07T04:16:40","modified_gmt":"2025-12-07T03:16:40","slug":"bougie-parfumee-jacinthe-des-bois-%e2%9c%a8","status":"publish","type":"product","link":"https:\/\/greenupstore.com\/?product=bougie-parfumee-jacinthe-des-bois-%e2%9c%a8","title":{"rendered":"Bougies Parfum\u00e9es Jacinthe des Bois \ud83d\udd6f\ufe0f"},"content":{"rendered":"<p data-start=\"121\" data-end=\"363\">Plong\u00e9 dans un cocon de douceur avec notre bougie <strong data-start=\"214\" data-end=\"234\">Jacinthe des bois<\/strong> \ud83c\udf3f\ud83d\udc90. Son parfum d\u00e9licat de jacinte, extrait naturel, remplis votre int\u00e9rieur d&#8217;une ambiance apaisante et reconfortante \ud83c\udf38\ud83d\udd6f\ufe0f.<\/p>\n<p data-start=\"365\" data-end=\"384\">\ud83d\udc9b <strong data-start=\"368\" data-end=\"380\">D\u00e9taille<\/strong> :<\/p>\n<ul data-start=\"385\" data-end=\"524\">\n<li data-start=\"385\" data-end=\"446\">\n<p data-start=\"387\" data-end=\"446\"><strong data-start=\"387\" data-end=\"399\">Materiau<\/strong> : Huile de soja + huile essentiel vegetal \ud83c\udf31<\/p>\n<\/li>\n<li data-start=\"447\" data-end=\"478\">\n<p data-start=\"449\" data-end=\"478\"><strong data-start=\"449\" data-end=\"459\">Taille<\/strong> : 60\u00d760\u00d740 mm \ud83d\udccf<\/p>\n<\/li>\n<li data-start=\"479\" data-end=\"524\">\n<p data-start=\"481\" data-end=\"524\"><strong data-start=\"481\" data-end=\"503\">Temps de combution<\/strong> : 10 a 15 heures \u23f3<\/p>\n<\/li>\n<\/ul>\n<p data-start=\"526\" data-end=\"658\">Parfaite pour cr\u00e9er une atmosph\u00e8re cosy, m\u00e9ditative ou romantique \ud83d\udc95\u2728. Offrez vous un moment de bien etre naturel et parfum\u00e9 \ud83c\udf3c\ud83c\udf43.<\/p>\n","protected":false},"excerpt":{"rendered":"<p>Plong\u00e9 dans un cocon de douceur avec notre bougie Jacinthe des bois \ud83c\udf3f\ud83d\udc90. Son parfum d\u00e9licat de jacinte, extrait naturel, [&hellip;]<\/p>\n","protected":false},"featured_media":909,"comment_status":"open","ping_status":"closed","template":"","meta":{"site-sidebar-layout":"default","site-content-layout":"","ast-site-content-layout":"default","site-content-style":"default","site-sidebar-style":"default","ast-global-header-display":"","ast-banner-title-visibility":"","ast-main-header-display":"","ast-hfb-above-header-display":"","ast-hfb-below-header-display":"","ast-hfb-mobile-header-display":"","site-post-title":"","ast-breadcrumbs-content":"","ast-featured-img":"","footer-sml-layout":"","theme-transparent-header-meta":"default","adv-header-id-meta":"","stick-header-meta":"","header-above-stick-meta":"","header-main-stick-meta":"","header-below-stick-meta":"","astra-migrate-meta-layouts":"set","ast-page-background-enabled":"default","ast-page-background-meta":{"desktop":{"background-color":"var(--ast-global-color-5)","background-image":"","background-repeat":"repeat","background-position":"center center","background-size":"auto","background-attachment":"scroll","background-type":"","background-media":"","overlay-type":"","overlay-color":"","overlay-opacity":"","overlay-gradient":""},"tablet":{"background-color":"","background-image":"","background-repeat":"repeat","background-position":"center center","background-size":"auto","background-attachment":"scroll","background-type":"","background-media":"","overlay-type":"","overlay-color":"","overlay-opacity":"","overlay-gradient":""},"mobile":{"background-color":"","background-image":"","background-repeat":"repeat","background-position":"center center","background-size":"auto","background-attachment":"scroll","background-type":"","background-media":"","overlay-type":"","overlay-color":"","overlay-opacity":"","overlay-gradient":""}},"ast-content-background-meta":{"desktop":{"background-color":"var(--ast-global-color-4)","background-image":"","background-repeat":"repeat","background-position":"center center","background-size":"auto","background-attachment":"scroll","background-type":"","background-media":"","overlay-type":"","overlay-color":"","overlay-opacity":"","overlay-gradient":""},"tablet":{"background-color":"var(--ast-global-color-4)","background-image":"","background-repeat":"repeat","background-position":"center center","background-size":"auto","background-attachment":"scroll","background-type":"","background-media":"","overlay-type":"","overlay-color":"","overlay-opacity":"","overlay-gradient":""},"mobile":{"background-color":"var(--ast-global-color-4)","background-image":"","background-repeat":"repeat","background-position":"center center","background-size":"auto","background-attachment":"scroll","background-type":"","background-media":"","overlay-type":"","overlay-color":"","overlay-opacity":"","overlay-gradient":""}}},"product_brand":[],"product_cat":[47],"product_tag":[67,68],"class_list":{"0":"post-678","1":"product","2":"type-product","3":"status-publish","4":"has-post-thumbnail","6":"product_cat-bougies","7":"product_tag-bourgie-parfumee","8":"product_tag-jacinthe","9":"desktop-align-left","10":"tablet-align-left","11":"mobile-align-left","13":"first","14":"instock","15":"purchasable","16":"product-type-simple"},"yoast_head":"<!-- This site is optimized with the Yoast SEO plugin v26.5 - https:\/\/yoast.com\/wordpress\/plugins\/seo\/ -->\n<title>Bougies Parfum\u00e9es Jacinthe des Bois \ud83d\udd6f\ufe0f - %<\/title>\n<meta name=\"robots\" content=\"index, follow, max-snippet:-1, max-image-preview:large, max-video-preview:-1\" \/>\n<link rel=\"canonical\" href=\"https:\/\/greenupstore.com\/produit\/bougie-parfumee-jacinthe-des-bois-\u2728\/\" \/>\n<meta property=\"og:locale\" content=\"fr_FR\" \/>\n<meta property=\"og:type\" content=\"article\" \/>\n<meta property=\"og:title\" content=\"Bougies Parfum\u00e9es Jacinthe des Bois \ud83d\udd6f\ufe0f - %\" \/>\n<meta property=\"og:description\" content=\"Plong\u00e9 dans un cocon de douceur avec notre bougie Jacinthe des bois \ud83c\udf3f\ud83d\udc90. Son parfum d\u00e9licat de jacinte, extrait naturel, [&hellip;]\" \/>\n<meta property=\"og:url\" content=\"https:\/\/greenupstore.com\/produit\/bougie-parfumee-jacinthe-des-bois-\u2728\/\" \/>\n<meta property=\"article:modified_time\" content=\"2025-12-07T03:16:40+00:00\" \/>\n<meta property=\"og:image\" content=\"https:\/\/greenupstore.com\/wp-content\/uploads\/2025\/10\/Capture-decran-2025-12-07-041515-1024x1022.png\" \/>\n\t<meta property=\"og:image:width\" content=\"1024\" \/>\n\t<meta property=\"og:image:height\" content=\"1022\" \/>\n\t<meta property=\"og:image:type\" content=\"image\/png\" \/>\n<meta name=\"twitter:card\" content=\"summary_large_image\" \/>\n<meta name=\"twitter:label1\" content=\"Dur\u00e9e de lecture estim\u00e9e\" \/>\n\t<meta name=\"twitter:data1\" content=\"1 minute\" \/>\n<script type=\"application\/ld+json\" class=\"yoast-schema-graph\">{\"@context\":\"https:\/\/schema.org\",\"@graph\":[{\"@type\":\"WebPage\",\"@id\":\"https:\/\/greenupstore.com\/produit\/bougie-parfumee-jacinthe-des-bois-%e2%9c%a8\/\",\"url\":\"https:\/\/greenupstore.com\/produit\/bougie-parfumee-jacinthe-des-bois-%e2%9c%a8\/\",\"name\":\"Bougies Parfum\u00e9es Jacinthe des Bois \ud83d\udd6f\ufe0f - %\",\"isPartOf\":{\"@id\":\"https:\/\/greenupstore.com\/#website\"},\"primaryImageOfPage\":{\"@id\":\"https:\/\/greenupstore.com\/produit\/bougie-parfumee-jacinthe-des-bois-%e2%9c%a8\/#primaryimage\"},\"image\":{\"@id\":\"https:\/\/greenupstore.com\/produit\/bougie-parfumee-jacinthe-des-bois-%e2%9c%a8\/#primaryimage\"},\"thumbnailUrl\":\"https:\/\/greenupstore.com\/wp-content\/uploads\/2025\/10\/Capture-decran-2025-12-07-041515.png\",\"datePublished\":\"2025-10-15T16:44:54+00:00\",\"dateModified\":\"2025-12-07T03:16:40+00:00\",\"breadcrumb\":{\"@id\":\"https:\/\/greenupstore.com\/produit\/bougie-parfumee-jacinthe-des-bois-%e2%9c%a8\/#breadcrumb\"},\"inLanguage\":\"fr-FR\",\"potentialAction\":[{\"@type\":\"ReadAction\",\"target\":[\"https:\/\/greenupstore.com\/produit\/bougie-parfumee-jacinthe-des-bois-%e2%9c%a8\/\"]}]},{\"@type\":\"ImageObject\",\"inLanguage\":\"fr-FR\",\"@id\":\"https:\/\/greenupstore.com\/produit\/bougie-parfumee-jacinthe-des-bois-%e2%9c%a8\/#primaryimage\",\"url\":\"https:\/\/greenupstore.com\/wp-content\/uploads\/2025\/10\/Capture-decran-2025-12-07-041515.png\",\"contentUrl\":\"https:\/\/greenupstore.com\/wp-content\/uploads\/2025\/10\/Capture-decran-2025-12-07-041515.png\",\"width\":1342,\"height\":1339},{\"@type\":\"BreadcrumbList\",\"@id\":\"https:\/\/greenupstore.com\/produit\/bougie-parfumee-jacinthe-des-bois-%e2%9c%a8\/#breadcrumb\",\"itemListElement\":[{\"@type\":\"ListItem\",\"position\":1,\"name\":\"Accueil\",\"item\":\"https:\/\/greenupstore.com\/\"},{\"@type\":\"ListItem\",\"position\":2,\"name\":\"Tous les produits\",\"item\":\"https:\/\/greenupstore.com\/?page_id=425\"},{\"@type\":\"ListItem\",\"position\":3,\"name\":\"Bougies Parfum\u00e9es Jacinthe des Bois \ud83d\udd6f\ufe0f\"}]},{\"@type\":\"WebSite\",\"@id\":\"https:\/\/greenupstore.com\/#website\",\"url\":\"https:\/\/greenupstore.com\/\",\"name\":\"https:\/\/greenupstore.com\/\",\"description\":\"\",\"publisher\":{\"@id\":\"https:\/\/greenupstore.com\/#organization\"},\"potentialAction\":[{\"@type\":\"SearchAction\",\"target\":{\"@type\":\"EntryPoint\",\"urlTemplate\":\"https:\/\/greenupstore.com\/?s={search_term_string}\"},\"query-input\":{\"@type\":\"PropertyValueSpecification\",\"valueRequired\":true,\"valueName\":\"search_term_string\"}}],\"inLanguage\":\"fr-FR\"},{\"@type\":\"Organization\",\"@id\":\"https:\/\/greenupstore.com\/#organization\",\"name\":\"GreenUp\",\"url\":\"https:\/\/greenupstore.com\/\",\"logo\":{\"@type\":\"ImageObject\",\"inLanguage\":\"fr-FR\",\"@id\":\"https:\/\/greenupstore.com\/#\/schema\/logo\/image\/\",\"url\":\"https:\/\/greenupstore.com\/wp-content\/uploads\/2025\/09\/cropped-green-2.png\",\"contentUrl\":\"https:\/\/greenupstore.com\/wp-content\/uploads\/2025\/09\/cropped-green-2.png\",\"width\":555,\"height\":132,\"caption\":\"GreenUp\"},\"image\":{\"@id\":\"https:\/\/greenupstore.com\/#\/schema\/logo\/image\/\"}}]}<\/script>\n<!-- \/ Yoast SEO plugin. -->","yoast_head_json":{"title":"Bougies Parfum\u00e9es Jacinthe des Bois \ud83d\udd6f\ufe0f - %","robots":{"index":"index","follow":"follow","max-snippet":"max-snippet:-1","max-image-preview":"max-image-preview:large","max-video-preview":"max-video-preview:-1"},"canonical":"https:\/\/greenupstore.com\/produit\/bougie-parfumee-jacinthe-des-bois-\u2728\/","og_locale":"fr_FR","og_type":"article","og_title":"Bougies Parfum\u00e9es Jacinthe des Bois \ud83d\udd6f\ufe0f - %","og_description":"Plong\u00e9 dans un cocon de douceur avec notre bougie Jacinthe des bois \ud83c\udf3f\ud83d\udc90. Son parfum d\u00e9licat de jacinte, extrait naturel, [&hellip;]","og_url":"https:\/\/greenupstore.com\/produit\/bougie-parfumee-jacinthe-des-bois-\u2728\/","article_modified_time":"2025-12-07T03:16:40+00:00","og_image":[{"width":1024,"height":1022,"url":"https:\/\/greenupstore.com\/wp-content\/uploads\/2025\/10\/Capture-decran-2025-12-07-041515-1024x1022.png","type":"image\/png"}],"twitter_card":"summary_large_image","twitter_misc":{"Dur\u00e9e de lecture estim\u00e9e":"1 minute"},"schema":{"@context":"https:\/\/schema.org","@graph":[{"@type":"WebPage","@id":"https:\/\/greenupstore.com\/produit\/bougie-parfumee-jacinthe-des-bois-%e2%9c%a8\/","url":"https:\/\/greenupstore.com\/produit\/bougie-parfumee-jacinthe-des-bois-%e2%9c%a8\/","name":"Bougies Parfum\u00e9es Jacinthe des Bois \ud83d\udd6f\ufe0f - %","isPartOf":{"@id":"https:\/\/greenupstore.com\/#website"},"primaryImageOfPage":{"@id":"https:\/\/greenupstore.com\/produit\/bougie-parfumee-jacinthe-des-bois-%e2%9c%a8\/#primaryimage"},"image":{"@id":"https:\/\/greenupstore.com\/produit\/bougie-parfumee-jacinthe-des-bois-%e2%9c%a8\/#primaryimage"},"thumbnailUrl":"https:\/\/greenupstore.com\/wp-content\/uploads\/2025\/10\/Capture-decran-2025-12-07-041515.png","datePublished":"2025-10-15T16:44:54+00:00","dateModified":"2025-12-07T03:16:40+00:00","breadcrumb":{"@id":"https:\/\/greenupstore.com\/produit\/bougie-parfumee-jacinthe-des-bois-%e2%9c%a8\/#breadcrumb"},"inLanguage":"fr-FR","potentialAction":[{"@type":"ReadAction","target":["https:\/\/greenupstore.com\/produit\/bougie-parfumee-jacinthe-des-bois-%e2%9c%a8\/"]}]},{"@type":"ImageObject","inLanguage":"fr-FR","@id":"https:\/\/greenupstore.com\/produit\/bougie-parfumee-jacinthe-des-bois-%e2%9c%a8\/#primaryimage","url":"https:\/\/greenupstore.com\/wp-content\/uploads\/2025\/10\/Capture-decran-2025-12-07-041515.png","contentUrl":"https:\/\/greenupstore.com\/wp-content\/uploads\/2025\/10\/Capture-decran-2025-12-07-041515.png","width":1342,"height":1339},{"@type":"BreadcrumbList","@id":"https:\/\/greenupstore.com\/produit\/bougie-parfumee-jacinthe-des-bois-%e2%9c%a8\/#breadcrumb","itemListElement":[{"@type":"ListItem","position":1,"name":"Accueil","item":"https:\/\/greenupstore.com\/"},{"@type":"ListItem","position":2,"name":"Tous les produits","item":"https:\/\/greenupstore.com\/?page_id=425"},{"@type":"ListItem","position":3,"name":"Bougies Parfum\u00e9es Jacinthe des Bois \ud83d\udd6f\ufe0f"}]},{"@type":"WebSite","@id":"https:\/\/greenupstore.com\/#website","url":"https:\/\/greenupstore.com\/","name":"https:\/\/greenupstore.com\/","description":"","publisher":{"@id":"https:\/\/greenupstore.com\/#organization"},"potentialAction":[{"@type":"SearchAction","target":{"@type":"EntryPoint","urlTemplate":"https:\/\/greenupstore.com\/?s={search_term_string}"},"query-input":{"@type":"PropertyValueSpecification","valueRequired":true,"valueName":"search_term_string"}}],"inLanguage":"fr-FR"},{"@type":"Organization","@id":"https:\/\/greenupstore.com\/#organization","name":"GreenUp","url":"https:\/\/greenupstore.com\/","logo":{"@type":"ImageObject","inLanguage":"fr-FR","@id":"https:\/\/greenupstore.com\/#\/schema\/logo\/image\/","url":"https:\/\/greenupstore.com\/wp-content\/uploads\/2025\/09\/cropped-green-2.png","contentUrl":"https:\/\/greenupstore.com\/wp-content\/uploads\/2025\/09\/cropped-green-2.png","width":555,"height":132,"caption":"GreenUp"},"image":{"@id":"https:\/\/greenupstore.com\/#\/schema\/logo\/image\/"}}]}},"jetpack_sharing_enabled":true,"_links":{"self":[{"href":"https:\/\/greenupstore.com\/index.php?rest_route=\/wp\/v2\/product\/678","targetHints":{"allow":["GET"]}}],"collection":[{"href":"https:\/\/greenupstore.com\/index.php?rest_route=\/wp\/v2\/product"}],"about":[{"href":"https:\/\/greenupstore.com\/index.php?rest_route=\/wp\/v2\/types\/product"}],"replies":[{"embeddable":true,"href":"https:\/\/greenupstore.com\/index.php?rest_route=%2Fwp%2Fv2%2Fcomments&post=678"}],"wp:featuredmedia":[{"embeddable":true,"href":"https:\/\/greenupstore.com\/index.php?rest_route=\/wp\/v2\/media\/909"}],"wp:attachment":[{"href":"https:\/\/greenupstore.com\/index.php?rest_route=%2Fwp%2Fv2%2Fmedia&parent=678"}],"wp:term":[{"taxonomy":"product_brand","embeddable":true,"href":"https:\/\/greenupstore.com\/index.php?rest_route=%2Fwp%2Fv2%2Fproduct_brand&post=678"},{"taxonomy":"product_cat","embeddable":true,"href":"https:\/\/greenupstore.com\/index.php?rest_route=%2Fwp%2Fv2%2Fproduct_cat&post=678"},{"taxonomy":"product_tag","embeddable":true,"href":"https:\/\/greenupstore.com\/index.php?rest_route=%2Fwp%2Fv2%2Fproduct_tag&post=678"}],"curies":[{"name":"wp","href":"https:\/\/api.w.org\/{rel}","templated":true}]}}