{"id":680,"date":"2025-10-17T16:29:19","date_gmt":"2025-10-17T14:29:19","guid":{"rendered":"https:\/\/greenupstore.com\/?post_type=product&#038;p=680"},"modified":"2025-10-21T00:33:21","modified_gmt":"2025-10-20T22:33:21","slug":"trousse-a-maquillage-motif-coquillages-%f0%9f%90%9a%f0%9f%92%99","status":"publish","type":"product","link":"https:\/\/greenupstore.com\/?product=trousse-a-maquillage-motif-coquillages-%f0%9f%90%9a%f0%9f%92%99","title":{"rendered":"Trousse \u00e0 maquillage Motif Coquillages \ud83d\udc1a\ud83d\udc99"},"content":{"rendered":"<p data-start=\"282\" data-end=\"604\">Plongez dans une ambiance douce et apaisante avec cette superbe <strong data-start=\"346\" data-end=\"375\">trousse en velours c\u00f4tel\u00e9<\/strong>, orn\u00e9e d\u2019un <strong data-start=\"388\" data-end=\"418\">motif de coquillages bleus<\/strong> \ud83d\udc1a\ud83d\udc99.<br data-start=\"424\" data-end=\"427\" \/>\u00c0 la fois <strong data-start=\"437\" data-end=\"466\">raffin\u00e9e et fonctionnelle<\/strong>, elle est parfaite pour ranger vos produits de maquillage, accessoires ou articles de soin, aussi bien <strong data-start=\"570\" data-end=\"598\">\u00e0 la maison qu\u2019en voyage<\/strong> \u2708\ufe0f.<\/p>\n<hr data-start=\"606\" data-end=\"609\" \/>\n<h6 data-start=\"611\" data-end=\"641\">\u2728 <strong data-start=\"617\" data-end=\"639\">Caract\u00e9ristiques :<\/strong><\/h6>\n<ul data-start=\"642\" data-end=\"1163\">\n<li data-start=\"642\" data-end=\"727\">\n<p data-start=\"644\" data-end=\"727\">\ud83e\uddf5 <strong data-start=\"647\" data-end=\"661\">Mat\u00e9riau :<\/strong> Velours c\u00f4tel\u00e9 doux, \u00e9pais et durable pour une tenue impeccable<\/p>\n<\/li>\n<li data-start=\"728\" data-end=\"832\">\n<p data-start=\"730\" data-end=\"832\">\ud83c\udf0a <strong data-start=\"733\" data-end=\"744\">Motif :<\/strong> Coquillages bleus d\u00e9licatement imprim\u00e9s sur fond clair pour un look frais et apaisant<\/p>\n<\/li>\n<li data-start=\"833\" data-end=\"908\">\n<p data-start=\"835\" data-end=\"908\">\ud83d\udd12 <strong data-start=\"838\" data-end=\"853\">Fermeture :<\/strong> Zip dor\u00e9 \u00e9l\u00e9gant et fluide pour une ouverture facile<\/p>\n<\/li>\n<li data-start=\"909\" data-end=\"1014\">\n<p data-start=\"911\" data-end=\"1014\">\ud83d\udc84 <strong data-start=\"914\" data-end=\"931\">Utilisation :<\/strong> Id\u00e9ale pour le maquillage, les accessoires, les produits de soin ou la papeterie<\/p>\n<\/li>\n<li data-start=\"1015\" data-end=\"1096\">\n<p data-start=\"1017\" data-end=\"1096\">\ud83d\udc5c <strong data-start=\"1020\" data-end=\"1032\">Format :<\/strong> L\u00e9ger, souple et pratique \u00e0 glisser dans un sac ou une valise<\/p>\n<\/li>\n<li data-start=\"1097\" data-end=\"1163\">\n<p data-start=\"1099\" data-end=\"1163\">\ud83c\udf80 <strong data-start=\"1102\" data-end=\"1113\">Style :<\/strong> Chic, minimaliste et inspir\u00e9 de l\u2019univers marin<\/p>\n<\/li>\n<\/ul>\n<hr data-start=\"1165\" data-end=\"1168\" \/>\n<p data-start=\"1170\" data-end=\"1303\">\ud83d\udc99 <strong data-start=\"1173\" data-end=\"1217\">Un accessoire \u00e0 la fois utile et raffin\u00e9<\/strong>, parfait pour celles qui aiment les <strong data-start=\"1254\" data-end=\"1297\">d\u00e9tails \u00e9l\u00e9gants et les nuances de bleu<\/strong> \ud83c\udf0a\u2728<\/p>\n","protected":false},"excerpt":{"rendered":"<p>Plongez dans une ambiance douce et apaisante avec cette superbe trousse en velours c\u00f4tel\u00e9, orn\u00e9e d\u2019un motif de coquillages bleus [&hellip;]<\/p>\n","protected":false},"featured_media":700,"comment_status":"open","ping_status":"closed","template":"","meta":{"site-sidebar-layout":"default","site-content-layout":"","ast-site-content-layout":"default","site-content-style":"default","site-sidebar-style":"default","ast-global-header-display":"","ast-banner-title-visibility":"","ast-main-header-display":"","ast-hfb-above-header-display":"","ast-hfb-below-header-display":"","ast-hfb-mobile-header-display":"","site-post-title":"","ast-breadcrumbs-content":"","ast-featured-img":"","footer-sml-layout":"","theme-transparent-header-meta":"default","adv-header-id-meta":"","stick-header-meta":"","header-above-stick-meta":"","header-main-stick-meta":"","header-below-stick-meta":"","astra-migrate-meta-layouts":"set","ast-page-background-enabled":"default","ast-page-background-meta":{"desktop":{"background-color":"var(--ast-global-color-5)","background-image":"","background-repeat":"repeat","background-position":"center center","background-size":"auto","background-attachment":"scroll","background-type":"","background-media":"","overlay-type":"","overlay-color":"","overlay-opacity":"","overlay-gradient":""},"tablet":{"background-color":"","background-image":"","background-repeat":"repeat","background-position":"center center","background-size":"auto","background-attachment":"scroll","background-type":"","background-media":"","overlay-type":"","overlay-color":"","overlay-opacity":"","overlay-gradient":""},"mobile":{"background-color":"","background-image":"","background-repeat":"repeat","background-position":"center center","background-size":"auto","background-attachment":"scroll","background-type":"","background-media":"","overlay-type":"","overlay-color":"","overlay-opacity":"","overlay-gradient":""}},"ast-content-background-meta":{"desktop":{"background-color":"var(--ast-global-color-4)","background-image":"","background-repeat":"repeat","background-position":"center center","background-size":"auto","background-attachment":"scroll","background-type":"","background-media":"","overlay-type":"","overlay-color":"","overlay-opacity":"","overlay-gradient":""},"tablet":{"background-color":"var(--ast-global-color-4)","background-image":"","background-repeat":"repeat","background-position":"center center","background-size":"auto","background-attachment":"scroll","background-type":"","background-media":"","overlay-type":"","overlay-color":"","overlay-opacity":"","overlay-gradient":""},"mobile":{"background-color":"var(--ast-global-color-4)","background-image":"","background-repeat":"repeat","background-position":"center center","background-size":"auto","background-attachment":"scroll","background-type":"","background-media":"","overlay-type":"","overlay-color":"","overlay-opacity":"","overlay-gradient":""}}},"product_brand":[],"product_cat":[16,44],"product_tag":[79,41,78,77],"class_list":{"0":"post-680","1":"product","2":"type-product","3":"status-publish","4":"has-post-thumbnail","6":"product_cat-non-classe","7":"product_cat-trousses-a-maquillage","8":"product_tag-beaute","9":"product_tag-maquillage","10":"product_tag-salle-de-bain","11":"product_tag-trousse","12":"desktop-align-left","13":"tablet-align-left","14":"mobile-align-left","16":"first","17":"instock","18":"purchasable","19":"product-type-simple"},"yoast_head":"<!-- This site is optimized with the Yoast SEO plugin v26.5 - https:\/\/yoast.com\/wordpress\/plugins\/seo\/ -->\n<title>Trousse \u00e0 maquillage Motif Coquillages \ud83d\udc1a\ud83d\udc99 -<\/title>\n<meta name=\"robots\" content=\"index, follow, max-snippet:-1, max-image-preview:large, max-video-preview:-1\" \/>\n<link rel=\"canonical\" href=\"https:\/\/greenupstore.com\/produit\/trousse-a-maquillage-motif-coquillages-\ud83d\udc1a\ud83d\udc99\/\" \/>\n<meta property=\"og:locale\" content=\"fr_FR\" \/>\n<meta property=\"og:type\" content=\"article\" \/>\n<meta property=\"og:title\" content=\"Trousse \u00e0 maquillage Motif Coquillages \ud83d\udc1a\ud83d\udc99 -\" \/>\n<meta property=\"og:description\" content=\"Plongez dans une ambiance douce et apaisante avec cette superbe trousse en velours c\u00f4tel\u00e9, orn\u00e9e d\u2019un motif de coquillages bleus [&hellip;]\" \/>\n<meta property=\"og:url\" content=\"https:\/\/greenupstore.com\/produit\/trousse-a-maquillage-motif-coquillages-\ud83d\udc1a\ud83d\udc99\/\" \/>\n<meta property=\"article:modified_time\" content=\"2025-10-20T22:33:21+00:00\" \/>\n<meta property=\"og:image\" content=\"https:\/\/greenupstore.com\/wp-content\/uploads\/2025\/10\/Capture-decran-2025-10-17-164941.png\" \/>\n\t<meta property=\"og:image:width\" content=\"691\" \/>\n\t<meta property=\"og:image:height\" content=\"732\" \/>\n\t<meta property=\"og:image:type\" content=\"image\/png\" \/>\n<meta name=\"twitter:card\" content=\"summary_large_image\" \/>\n<meta name=\"twitter:label1\" content=\"Dur\u00e9e de lecture estim\u00e9e\" \/>\n\t<meta name=\"twitter:data1\" content=\"1 minute\" \/>\n<script type=\"application\/ld+json\" class=\"yoast-schema-graph\">{\"@context\":\"https:\/\/schema.org\",\"@graph\":[{\"@type\":\"WebPage\",\"@id\":\"https:\/\/greenupstore.com\/produit\/trousse-a-maquillage-motif-coquillages-%f0%9f%90%9a%f0%9f%92%99\/\",\"url\":\"https:\/\/greenupstore.com\/produit\/trousse-a-maquillage-motif-coquillages-%f0%9f%90%9a%f0%9f%92%99\/\",\"name\":\"Trousse \u00e0 maquillage Motif Coquillages \ud83d\udc1a\ud83d\udc99 -\",\"isPartOf\":{\"@id\":\"https:\/\/greenupstore.com\/#website\"},\"primaryImageOfPage\":{\"@id\":\"https:\/\/greenupstore.com\/produit\/trousse-a-maquillage-motif-coquillages-%f0%9f%90%9a%f0%9f%92%99\/#primaryimage\"},\"image\":{\"@id\":\"https:\/\/greenupstore.com\/produit\/trousse-a-maquillage-motif-coquillages-%f0%9f%90%9a%f0%9f%92%99\/#primaryimage\"},\"thumbnailUrl\":\"https:\/\/greenupstore.com\/wp-content\/uploads\/2025\/10\/Capture-decran-2025-10-17-164941.png\",\"datePublished\":\"2025-10-17T14:29:19+00:00\",\"dateModified\":\"2025-10-20T22:33:21+00:00\",\"breadcrumb\":{\"@id\":\"https:\/\/greenupstore.com\/produit\/trousse-a-maquillage-motif-coquillages-%f0%9f%90%9a%f0%9f%92%99\/#breadcrumb\"},\"inLanguage\":\"fr-FR\",\"potentialAction\":[{\"@type\":\"ReadAction\",\"target\":[\"https:\/\/greenupstore.com\/produit\/trousse-a-maquillage-motif-coquillages-%f0%9f%90%9a%f0%9f%92%99\/\"]}]},{\"@type\":\"ImageObject\",\"inLanguage\":\"fr-FR\",\"@id\":\"https:\/\/greenupstore.com\/produit\/trousse-a-maquillage-motif-coquillages-%f0%9f%90%9a%f0%9f%92%99\/#primaryimage\",\"url\":\"https:\/\/greenupstore.com\/wp-content\/uploads\/2025\/10\/Capture-decran-2025-10-17-164941.png\",\"contentUrl\":\"https:\/\/greenupstore.com\/wp-content\/uploads\/2025\/10\/Capture-decran-2025-10-17-164941.png\",\"width\":691,\"height\":732},{\"@type\":\"BreadcrumbList\",\"@id\":\"https:\/\/greenupstore.com\/produit\/trousse-a-maquillage-motif-coquillages-%f0%9f%90%9a%f0%9f%92%99\/#breadcrumb\",\"itemListElement\":[{\"@type\":\"ListItem\",\"position\":1,\"name\":\"Accueil\",\"item\":\"https:\/\/greenupstore.com\/\"},{\"@type\":\"ListItem\",\"position\":2,\"name\":\"Tous les produits\",\"item\":\"https:\/\/greenupstore.com\/?page_id=425\"},{\"@type\":\"ListItem\",\"position\":3,\"name\":\"Trousse \u00e0 maquillage Motif Coquillages \ud83d\udc1a\ud83d\udc99\"}]},{\"@type\":\"WebSite\",\"@id\":\"https:\/\/greenupstore.com\/#website\",\"url\":\"https:\/\/greenupstore.com\/\",\"name\":\"https:\/\/greenupstore.com\/\",\"description\":\"\",\"publisher\":{\"@id\":\"https:\/\/greenupstore.com\/#organization\"},\"potentialAction\":[{\"@type\":\"SearchAction\",\"target\":{\"@type\":\"EntryPoint\",\"urlTemplate\":\"https:\/\/greenupstore.com\/?s={search_term_string}\"},\"query-input\":{\"@type\":\"PropertyValueSpecification\",\"valueRequired\":true,\"valueName\":\"search_term_string\"}}],\"inLanguage\":\"fr-FR\"},{\"@type\":\"Organization\",\"@id\":\"https:\/\/greenupstore.com\/#organization\",\"name\":\"GreenUp\",\"url\":\"https:\/\/greenupstore.com\/\",\"logo\":{\"@type\":\"ImageObject\",\"inLanguage\":\"fr-FR\",\"@id\":\"https:\/\/greenupstore.com\/#\/schema\/logo\/image\/\",\"url\":\"https:\/\/greenupstore.com\/wp-content\/uploads\/2025\/09\/cropped-green-2.png\",\"contentUrl\":\"https:\/\/greenupstore.com\/wp-content\/uploads\/2025\/09\/cropped-green-2.png\",\"width\":555,\"height\":132,\"caption\":\"GreenUp\"},\"image\":{\"@id\":\"https:\/\/greenupstore.com\/#\/schema\/logo\/image\/\"}}]}<\/script>\n<!-- \/ Yoast SEO plugin. -->","yoast_head_json":{"title":"Trousse \u00e0 maquillage Motif Coquillages \ud83d\udc1a\ud83d\udc99 -","robots":{"index":"index","follow":"follow","max-snippet":"max-snippet:-1","max-image-preview":"max-image-preview:large","max-video-preview":"max-video-preview:-1"},"canonical":"https:\/\/greenupstore.com\/produit\/trousse-a-maquillage-motif-coquillages-\ud83d\udc1a\ud83d\udc99\/","og_locale":"fr_FR","og_type":"article","og_title":"Trousse \u00e0 maquillage Motif Coquillages \ud83d\udc1a\ud83d\udc99 -","og_description":"Plongez dans une ambiance douce et apaisante avec cette superbe trousse en velours c\u00f4tel\u00e9, orn\u00e9e d\u2019un motif de coquillages bleus [&hellip;]","og_url":"https:\/\/greenupstore.com\/produit\/trousse-a-maquillage-motif-coquillages-\ud83d\udc1a\ud83d\udc99\/","article_modified_time":"2025-10-20T22:33:21+00:00","og_image":[{"width":691,"height":732,"url":"https:\/\/greenupstore.com\/wp-content\/uploads\/2025\/10\/Capture-decran-2025-10-17-164941.png","type":"image\/png"}],"twitter_card":"summary_large_image","twitter_misc":{"Dur\u00e9e de lecture estim\u00e9e":"1 minute"},"schema":{"@context":"https:\/\/schema.org","@graph":[{"@type":"WebPage","@id":"https:\/\/greenupstore.com\/produit\/trousse-a-maquillage-motif-coquillages-%f0%9f%90%9a%f0%9f%92%99\/","url":"https:\/\/greenupstore.com\/produit\/trousse-a-maquillage-motif-coquillages-%f0%9f%90%9a%f0%9f%92%99\/","name":"Trousse \u00e0 maquillage Motif Coquillages \ud83d\udc1a\ud83d\udc99 -","isPartOf":{"@id":"https:\/\/greenupstore.com\/#website"},"primaryImageOfPage":{"@id":"https:\/\/greenupstore.com\/produit\/trousse-a-maquillage-motif-coquillages-%f0%9f%90%9a%f0%9f%92%99\/#primaryimage"},"image":{"@id":"https:\/\/greenupstore.com\/produit\/trousse-a-maquillage-motif-coquillages-%f0%9f%90%9a%f0%9f%92%99\/#primaryimage"},"thumbnailUrl":"https:\/\/greenupstore.com\/wp-content\/uploads\/2025\/10\/Capture-decran-2025-10-17-164941.png","datePublished":"2025-10-17T14:29:19+00:00","dateModified":"2025-10-20T22:33:21+00:00","breadcrumb":{"@id":"https:\/\/greenupstore.com\/produit\/trousse-a-maquillage-motif-coquillages-%f0%9f%90%9a%f0%9f%92%99\/#breadcrumb"},"inLanguage":"fr-FR","potentialAction":[{"@type":"ReadAction","target":["https:\/\/greenupstore.com\/produit\/trousse-a-maquillage-motif-coquillages-%f0%9f%90%9a%f0%9f%92%99\/"]}]},{"@type":"ImageObject","inLanguage":"fr-FR","@id":"https:\/\/greenupstore.com\/produit\/trousse-a-maquillage-motif-coquillages-%f0%9f%90%9a%f0%9f%92%99\/#primaryimage","url":"https:\/\/greenupstore.com\/wp-content\/uploads\/2025\/10\/Capture-decran-2025-10-17-164941.png","contentUrl":"https:\/\/greenupstore.com\/wp-content\/uploads\/2025\/10\/Capture-decran-2025-10-17-164941.png","width":691,"height":732},{"@type":"BreadcrumbList","@id":"https:\/\/greenupstore.com\/produit\/trousse-a-maquillage-motif-coquillages-%f0%9f%90%9a%f0%9f%92%99\/#breadcrumb","itemListElement":[{"@type":"ListItem","position":1,"name":"Accueil","item":"https:\/\/greenupstore.com\/"},{"@type":"ListItem","position":2,"name":"Tous les produits","item":"https:\/\/greenupstore.com\/?page_id=425"},{"@type":"ListItem","position":3,"name":"Trousse \u00e0 maquillage Motif Coquillages \ud83d\udc1a\ud83d\udc99"}]},{"@type":"WebSite","@id":"https:\/\/greenupstore.com\/#website","url":"https:\/\/greenupstore.com\/","name":"https:\/\/greenupstore.com\/","description":"","publisher":{"@id":"https:\/\/greenupstore.com\/#organization"},"potentialAction":[{"@type":"SearchAction","target":{"@type":"EntryPoint","urlTemplate":"https:\/\/greenupstore.com\/?s={search_term_string}"},"query-input":{"@type":"PropertyValueSpecification","valueRequired":true,"valueName":"search_term_string"}}],"inLanguage":"fr-FR"},{"@type":"Organization","@id":"https:\/\/greenupstore.com\/#organization","name":"GreenUp","url":"https:\/\/greenupstore.com\/","logo":{"@type":"ImageObject","inLanguage":"fr-FR","@id":"https:\/\/greenupstore.com\/#\/schema\/logo\/image\/","url":"https:\/\/greenupstore.com\/wp-content\/uploads\/2025\/09\/cropped-green-2.png","contentUrl":"https:\/\/greenupstore.com\/wp-content\/uploads\/2025\/09\/cropped-green-2.png","width":555,"height":132,"caption":"GreenUp"},"image":{"@id":"https:\/\/greenupstore.com\/#\/schema\/logo\/image\/"}}]}},"jetpack_sharing_enabled":true,"_links":{"self":[{"href":"https:\/\/greenupstore.com\/index.php?rest_route=\/wp\/v2\/product\/680","targetHints":{"allow":["GET"]}}],"collection":[{"href":"https:\/\/greenupstore.com\/index.php?rest_route=\/wp\/v2\/product"}],"about":[{"href":"https:\/\/greenupstore.com\/index.php?rest_route=\/wp\/v2\/types\/product"}],"replies":[{"embeddable":true,"href":"https:\/\/greenupstore.com\/index.php?rest_route=%2Fwp%2Fv2%2Fcomments&post=680"}],"wp:featuredmedia":[{"embeddable":true,"href":"https:\/\/greenupstore.com\/index.php?rest_route=\/wp\/v2\/media\/700"}],"wp:attachment":[{"href":"https:\/\/greenupstore.com\/index.php?rest_route=%2Fwp%2Fv2%2Fmedia&parent=680"}],"wp:term":[{"taxonomy":"product_brand","embeddable":true,"href":"https:\/\/greenupstore.com\/index.php?rest_route=%2Fwp%2Fv2%2Fproduct_brand&post=680"},{"taxonomy":"product_cat","embeddable":true,"href":"https:\/\/greenupstore.com\/index.php?rest_route=%2Fwp%2Fv2%2Fproduct_cat&post=680"},{"taxonomy":"product_tag","embeddable":true,"href":"https:\/\/greenupstore.com\/index.php?rest_route=%2Fwp%2Fv2%2Fproduct_tag&post=680"}],"curies":[{"name":"wp","href":"https:\/\/api.w.org\/{rel}","templated":true}]}}