{"id":692,"date":"2025-10-17T15:14:16","date_gmt":"2025-10-17T13:14:16","guid":{"rendered":"https:\/\/greenupstore.com\/?post_type=product&#038;p=692"},"modified":"2025-10-21T00:39:00","modified_gmt":"2025-10-20T22:39:00","slug":"trousse-de-maquillage-en-velours-cotele-motif-cerises-rouge-%f0%9f%8d%92","status":"publish","type":"product","link":"https:\/\/greenupstore.com\/?product=trousse-de-maquillage-en-velours-cotele-motif-cerises-rouge-%f0%9f%8d%92","title":{"rendered":"Trousse de Maquillage en Velours C\u00f4tel\u00e9 Motif Cerises &#038; Noeuds Rouge \ud83c\udf52"},"content":{"rendered":"<p data-start=\"140\" data-end=\"525\">Apportez une touche <strong data-start=\"160\" data-end=\"185\">fra\u00eeche et p\u00e9tillante<\/strong> \u00e0 votre routine beaut\u00e9 \u2764\ufe0f<br data-start=\"211\" data-end=\"214\" \/>Fabriqu\u00e9e en <strong data-start=\"227\" data-end=\"250\">velours c\u00f4tel\u00e9 doux<\/strong>, cette trousse allie <strong data-start=\"272\" data-end=\"297\">\u00e9l\u00e9gance et praticit\u00e9<\/strong> avec son adorable motif de <strong data-start=\"325\" data-end=\"360\">petites cerises et n\u0153uds rouges<\/strong>.<br data-start=\"361\" data-end=\"364\" \/>L\u00e9g\u00e8re, spacieuse et dot\u00e9e d\u2019une <strong data-start=\"397\" data-end=\"423\">fermeture \u00e9clair dor\u00e9e<\/strong>, elle est parfaite pour ranger votre maquillage, vos soins ou vos petits accessoires du quotidien \u2728<\/p>\n<hr data-start=\"527\" data-end=\"530\" \/>\n<p data-start=\"532\" data-end=\"559\"><strong data-start=\"532\" data-end=\"557\">\ud83c\udf1f Caract\u00e9ristiques :<\/strong><\/p>\n<ul data-start=\"560\" data-end=\"883\">\n<li data-start=\"560\" data-end=\"614\">\n<p data-start=\"562\" data-end=\"614\">\ud83e\uddf5 <strong data-start=\"565\" data-end=\"579\">Mat\u00e9riau :<\/strong> Velours c\u00f4tel\u00e9 doux et r\u00e9sistant<\/p>\n<\/li>\n<li data-start=\"615\" data-end=\"657\">\n<p data-start=\"617\" data-end=\"657\">\ud83c\udf52 <strong data-start=\"620\" data-end=\"631\">Motif :<\/strong> Cerises et n\u0153uds rouges<\/p>\n<\/li>\n<li data-start=\"658\" data-end=\"703\">\n<p data-start=\"660\" data-end=\"703\">\ud83d\udc5c <strong data-start=\"663\" data-end=\"678\">Fermeture :<\/strong> Fermeture \u00e9clair dor\u00e9e<\/p>\n<\/li>\n<li data-start=\"704\" data-end=\"804\">\n<p data-start=\"706\" data-end=\"804\">\ud83d\udc84 <strong data-start=\"709\" data-end=\"726\">Utilisation :<\/strong> Id\u00e9ale pour le maquillage, les bijoux, les produits de soin ou la papeterie<\/p>\n<\/li>\n<li data-start=\"805\" data-end=\"883\">\n<p data-start=\"807\" data-end=\"883\">\ud83e\uddf3 <strong data-start=\"810\" data-end=\"838\">Format pratique et l\u00e9ger<\/strong>, parfait pour le sac \u00e0 main ou les voyages<\/p>\n<\/li>\n<\/ul>\n<hr data-start=\"885\" data-end=\"888\" \/>\n<p data-start=\"890\" data-end=\"971\"><strong data-start=\"890\" data-end=\"903\">Couleur :<\/strong> Cerise et N\u0153ud Rouge \u2764\ufe0f<br data-start=\"927\" data-end=\"930\" \/><strong data-start=\"930\" data-end=\"941\">Style :<\/strong> Doux, f\u00e9minin et r\u00e9tro chic<\/p>\n<hr data-start=\"973\" data-end=\"976\" \/>\n<p data-start=\"978\" data-end=\"1050\" data-is-last-node=\"\" data-is-only-node=\"\">\ud83d\udc8b <strong data-start=\"981\" data-end=\"1050\" data-is-last-node=\"\">Un design plein de charme pour une trousse aussi jolie qu\u2019utile !<\/strong><\/p>\n","protected":false},"excerpt":{"rendered":"<p>Apportez une touche fra\u00eeche et p\u00e9tillante \u00e0 votre routine beaut\u00e9 \u2764\ufe0fFabriqu\u00e9e en velours c\u00f4tel\u00e9 doux, cette trousse allie \u00e9l\u00e9gance et [&hellip;]<\/p>\n","protected":false},"featured_media":703,"comment_status":"open","ping_status":"closed","template":"","meta":{"site-sidebar-layout":"default","site-content-layout":"","ast-site-content-layout":"default","site-content-style":"default","site-sidebar-style":"default","ast-global-header-display":"","ast-banner-title-visibility":"","ast-main-header-display":"","ast-hfb-above-header-display":"","ast-hfb-below-header-display":"","ast-hfb-mobile-header-display":"","site-post-title":"","ast-breadcrumbs-content":"","ast-featured-img":"","footer-sml-layout":"","theme-transparent-header-meta":"default","adv-header-id-meta":"","stick-header-meta":"","header-above-stick-meta":"","header-main-stick-meta":"","header-below-stick-meta":"","astra-migrate-meta-layouts":"set","ast-page-background-enabled":"default","ast-page-background-meta":{"desktop":{"background-color":"var(--ast-global-color-5)","background-image":"","background-repeat":"repeat","background-position":"center center","background-size":"auto","background-attachment":"scroll","background-type":"","background-media":"","overlay-type":"","overlay-color":"","overlay-opacity":"","overlay-gradient":""},"tablet":{"background-color":"","background-image":"","background-repeat":"repeat","background-position":"center center","background-size":"auto","background-attachment":"scroll","background-type":"","background-media":"","overlay-type":"","overlay-color":"","overlay-opacity":"","overlay-gradient":""},"mobile":{"background-color":"","background-image":"","background-repeat":"repeat","background-position":"center center","background-size":"auto","background-attachment":"scroll","background-type":"","background-media":"","overlay-type":"","overlay-color":"","overlay-opacity":"","overlay-gradient":""}},"ast-content-background-meta":{"desktop":{"background-color":"var(--ast-global-color-4)","background-image":"","background-repeat":"repeat","background-position":"center center","background-size":"auto","background-attachment":"scroll","background-type":"","background-media":"","overlay-type":"","overlay-color":"","overlay-opacity":"","overlay-gradient":""},"tablet":{"background-color":"var(--ast-global-color-4)","background-image":"","background-repeat":"repeat","background-position":"center center","background-size":"auto","background-attachment":"scroll","background-type":"","background-media":"","overlay-type":"","overlay-color":"","overlay-opacity":"","overlay-gradient":""},"mobile":{"background-color":"var(--ast-global-color-4)","background-image":"","background-repeat":"repeat","background-position":"center center","background-size":"auto","background-attachment":"scroll","background-type":"","background-media":"","overlay-type":"","overlay-color":"","overlay-opacity":"","overlay-gradient":""}}},"product_brand":[],"product_cat":[16,44],"product_tag":[79,41,78,77],"class_list":{"0":"post-692","1":"product","2":"type-product","3":"status-publish","4":"has-post-thumbnail","6":"product_cat-non-classe","7":"product_cat-trousses-a-maquillage","8":"product_tag-beaute","9":"product_tag-maquillage","10":"product_tag-salle-de-bain","11":"product_tag-trousse","12":"desktop-align-left","13":"tablet-align-left","14":"mobile-align-left","16":"first","17":"instock","18":"purchasable","19":"product-type-simple"},"yoast_head":"<!-- This site is optimized with the Yoast SEO plugin v26.5 - https:\/\/yoast.com\/wordpress\/plugins\/seo\/ -->\n<title>Trousse de Maquillage en Velours C\u00f4tel\u00e9 Motif Cerises &amp; Noeuds Rouge \ud83c\udf52 -<\/title>\n<meta name=\"robots\" content=\"index, follow, max-snippet:-1, max-image-preview:large, max-video-preview:-1\" \/>\n<link rel=\"canonical\" href=\"https:\/\/greenupstore.com\/produit\/trousse-de-maquillage-en-velours-cotele-motif-cerises-rouge-\ud83c\udf52\/\" \/>\n<meta property=\"og:locale\" content=\"fr_FR\" \/>\n<meta property=\"og:type\" content=\"article\" \/>\n<meta property=\"og:title\" content=\"Trousse de Maquillage en Velours C\u00f4tel\u00e9 Motif Cerises &amp; Noeuds Rouge \ud83c\udf52 -\" \/>\n<meta property=\"og:description\" content=\"Apportez une touche fra\u00eeche et p\u00e9tillante \u00e0 votre routine beaut\u00e9 \u2764\ufe0fFabriqu\u00e9e en velours c\u00f4tel\u00e9 doux, cette trousse allie \u00e9l\u00e9gance et [&hellip;]\" \/>\n<meta property=\"og:url\" content=\"https:\/\/greenupstore.com\/produit\/trousse-de-maquillage-en-velours-cotele-motif-cerises-rouge-\ud83c\udf52\/\" \/>\n<meta property=\"article:modified_time\" content=\"2025-10-20T22:39:00+00:00\" \/>\n<meta property=\"og:image\" content=\"https:\/\/greenupstore.com\/wp-content\/uploads\/2025\/10\/Capture-decran-2025-10-17-165421.png\" \/>\n\t<meta property=\"og:image:width\" content=\"694\" \/>\n\t<meta property=\"og:image:height\" content=\"742\" \/>\n\t<meta property=\"og:image:type\" content=\"image\/png\" \/>\n<meta name=\"twitter:card\" content=\"summary_large_image\" \/>\n<meta name=\"twitter:label1\" content=\"Dur\u00e9e de lecture estim\u00e9e\" \/>\n\t<meta name=\"twitter:data1\" content=\"1 minute\" \/>\n<script type=\"application\/ld+json\" class=\"yoast-schema-graph\">{\"@context\":\"https:\/\/schema.org\",\"@graph\":[{\"@type\":\"WebPage\",\"@id\":\"https:\/\/greenupstore.com\/produit\/trousse-de-maquillage-en-velours-cotele-motif-cerises-rouge-%f0%9f%8d%92\/\",\"url\":\"https:\/\/greenupstore.com\/produit\/trousse-de-maquillage-en-velours-cotele-motif-cerises-rouge-%f0%9f%8d%92\/\",\"name\":\"Trousse de Maquillage en Velours C\u00f4tel\u00e9 Motif Cerises & Noeuds Rouge \ud83c\udf52 -\",\"isPartOf\":{\"@id\":\"https:\/\/greenupstore.com\/#website\"},\"primaryImageOfPage\":{\"@id\":\"https:\/\/greenupstore.com\/produit\/trousse-de-maquillage-en-velours-cotele-motif-cerises-rouge-%f0%9f%8d%92\/#primaryimage\"},\"image\":{\"@id\":\"https:\/\/greenupstore.com\/produit\/trousse-de-maquillage-en-velours-cotele-motif-cerises-rouge-%f0%9f%8d%92\/#primaryimage\"},\"thumbnailUrl\":\"https:\/\/greenupstore.com\/wp-content\/uploads\/2025\/10\/Capture-decran-2025-10-17-165421.png\",\"datePublished\":\"2025-10-17T13:14:16+00:00\",\"dateModified\":\"2025-10-20T22:39:00+00:00\",\"breadcrumb\":{\"@id\":\"https:\/\/greenupstore.com\/produit\/trousse-de-maquillage-en-velours-cotele-motif-cerises-rouge-%f0%9f%8d%92\/#breadcrumb\"},\"inLanguage\":\"fr-FR\",\"potentialAction\":[{\"@type\":\"ReadAction\",\"target\":[\"https:\/\/greenupstore.com\/produit\/trousse-de-maquillage-en-velours-cotele-motif-cerises-rouge-%f0%9f%8d%92\/\"]}]},{\"@type\":\"ImageObject\",\"inLanguage\":\"fr-FR\",\"@id\":\"https:\/\/greenupstore.com\/produit\/trousse-de-maquillage-en-velours-cotele-motif-cerises-rouge-%f0%9f%8d%92\/#primaryimage\",\"url\":\"https:\/\/greenupstore.com\/wp-content\/uploads\/2025\/10\/Capture-decran-2025-10-17-165421.png\",\"contentUrl\":\"https:\/\/greenupstore.com\/wp-content\/uploads\/2025\/10\/Capture-decran-2025-10-17-165421.png\",\"width\":694,\"height\":742},{\"@type\":\"BreadcrumbList\",\"@id\":\"https:\/\/greenupstore.com\/produit\/trousse-de-maquillage-en-velours-cotele-motif-cerises-rouge-%f0%9f%8d%92\/#breadcrumb\",\"itemListElement\":[{\"@type\":\"ListItem\",\"position\":1,\"name\":\"Accueil\",\"item\":\"https:\/\/greenupstore.com\/\"},{\"@type\":\"ListItem\",\"position\":2,\"name\":\"Tous les produits\",\"item\":\"https:\/\/greenupstore.com\/?page_id=425\"},{\"@type\":\"ListItem\",\"position\":3,\"name\":\"Trousse de Maquillage en Velours C\u00f4tel\u00e9 Motif Cerises &#038; Noeuds Rouge \ud83c\udf52\"}]},{\"@type\":\"WebSite\",\"@id\":\"https:\/\/greenupstore.com\/#website\",\"url\":\"https:\/\/greenupstore.com\/\",\"name\":\"https:\/\/greenupstore.com\/\",\"description\":\"\",\"publisher\":{\"@id\":\"https:\/\/greenupstore.com\/#organization\"},\"potentialAction\":[{\"@type\":\"SearchAction\",\"target\":{\"@type\":\"EntryPoint\",\"urlTemplate\":\"https:\/\/greenupstore.com\/?s={search_term_string}\"},\"query-input\":{\"@type\":\"PropertyValueSpecification\",\"valueRequired\":true,\"valueName\":\"search_term_string\"}}],\"inLanguage\":\"fr-FR\"},{\"@type\":\"Organization\",\"@id\":\"https:\/\/greenupstore.com\/#organization\",\"name\":\"GreenUp\",\"url\":\"https:\/\/greenupstore.com\/\",\"logo\":{\"@type\":\"ImageObject\",\"inLanguage\":\"fr-FR\",\"@id\":\"https:\/\/greenupstore.com\/#\/schema\/logo\/image\/\",\"url\":\"https:\/\/greenupstore.com\/wp-content\/uploads\/2025\/09\/cropped-green-2.png\",\"contentUrl\":\"https:\/\/greenupstore.com\/wp-content\/uploads\/2025\/09\/cropped-green-2.png\",\"width\":555,\"height\":132,\"caption\":\"GreenUp\"},\"image\":{\"@id\":\"https:\/\/greenupstore.com\/#\/schema\/logo\/image\/\"}}]}<\/script>\n<!-- \/ Yoast SEO plugin. -->","yoast_head_json":{"title":"Trousse de Maquillage en Velours C\u00f4tel\u00e9 Motif Cerises & Noeuds Rouge \ud83c\udf52 -","robots":{"index":"index","follow":"follow","max-snippet":"max-snippet:-1","max-image-preview":"max-image-preview:large","max-video-preview":"max-video-preview:-1"},"canonical":"https:\/\/greenupstore.com\/produit\/trousse-de-maquillage-en-velours-cotele-motif-cerises-rouge-\ud83c\udf52\/","og_locale":"fr_FR","og_type":"article","og_title":"Trousse de Maquillage en Velours C\u00f4tel\u00e9 Motif Cerises & Noeuds Rouge \ud83c\udf52 -","og_description":"Apportez une touche fra\u00eeche et p\u00e9tillante \u00e0 votre routine beaut\u00e9 \u2764\ufe0fFabriqu\u00e9e en velours c\u00f4tel\u00e9 doux, cette trousse allie \u00e9l\u00e9gance et [&hellip;]","og_url":"https:\/\/greenupstore.com\/produit\/trousse-de-maquillage-en-velours-cotele-motif-cerises-rouge-\ud83c\udf52\/","article_modified_time":"2025-10-20T22:39:00+00:00","og_image":[{"width":694,"height":742,"url":"https:\/\/greenupstore.com\/wp-content\/uploads\/2025\/10\/Capture-decran-2025-10-17-165421.png","type":"image\/png"}],"twitter_card":"summary_large_image","twitter_misc":{"Dur\u00e9e de lecture estim\u00e9e":"1 minute"},"schema":{"@context":"https:\/\/schema.org","@graph":[{"@type":"WebPage","@id":"https:\/\/greenupstore.com\/produit\/trousse-de-maquillage-en-velours-cotele-motif-cerises-rouge-%f0%9f%8d%92\/","url":"https:\/\/greenupstore.com\/produit\/trousse-de-maquillage-en-velours-cotele-motif-cerises-rouge-%f0%9f%8d%92\/","name":"Trousse de Maquillage en Velours C\u00f4tel\u00e9 Motif Cerises & Noeuds Rouge \ud83c\udf52 -","isPartOf":{"@id":"https:\/\/greenupstore.com\/#website"},"primaryImageOfPage":{"@id":"https:\/\/greenupstore.com\/produit\/trousse-de-maquillage-en-velours-cotele-motif-cerises-rouge-%f0%9f%8d%92\/#primaryimage"},"image":{"@id":"https:\/\/greenupstore.com\/produit\/trousse-de-maquillage-en-velours-cotele-motif-cerises-rouge-%f0%9f%8d%92\/#primaryimage"},"thumbnailUrl":"https:\/\/greenupstore.com\/wp-content\/uploads\/2025\/10\/Capture-decran-2025-10-17-165421.png","datePublished":"2025-10-17T13:14:16+00:00","dateModified":"2025-10-20T22:39:00+00:00","breadcrumb":{"@id":"https:\/\/greenupstore.com\/produit\/trousse-de-maquillage-en-velours-cotele-motif-cerises-rouge-%f0%9f%8d%92\/#breadcrumb"},"inLanguage":"fr-FR","potentialAction":[{"@type":"ReadAction","target":["https:\/\/greenupstore.com\/produit\/trousse-de-maquillage-en-velours-cotele-motif-cerises-rouge-%f0%9f%8d%92\/"]}]},{"@type":"ImageObject","inLanguage":"fr-FR","@id":"https:\/\/greenupstore.com\/produit\/trousse-de-maquillage-en-velours-cotele-motif-cerises-rouge-%f0%9f%8d%92\/#primaryimage","url":"https:\/\/greenupstore.com\/wp-content\/uploads\/2025\/10\/Capture-decran-2025-10-17-165421.png","contentUrl":"https:\/\/greenupstore.com\/wp-content\/uploads\/2025\/10\/Capture-decran-2025-10-17-165421.png","width":694,"height":742},{"@type":"BreadcrumbList","@id":"https:\/\/greenupstore.com\/produit\/trousse-de-maquillage-en-velours-cotele-motif-cerises-rouge-%f0%9f%8d%92\/#breadcrumb","itemListElement":[{"@type":"ListItem","position":1,"name":"Accueil","item":"https:\/\/greenupstore.com\/"},{"@type":"ListItem","position":2,"name":"Tous les produits","item":"https:\/\/greenupstore.com\/?page_id=425"},{"@type":"ListItem","position":3,"name":"Trousse de Maquillage en Velours C\u00f4tel\u00e9 Motif Cerises &#038; Noeuds Rouge \ud83c\udf52"}]},{"@type":"WebSite","@id":"https:\/\/greenupstore.com\/#website","url":"https:\/\/greenupstore.com\/","name":"https:\/\/greenupstore.com\/","description":"","publisher":{"@id":"https:\/\/greenupstore.com\/#organization"},"potentialAction":[{"@type":"SearchAction","target":{"@type":"EntryPoint","urlTemplate":"https:\/\/greenupstore.com\/?s={search_term_string}"},"query-input":{"@type":"PropertyValueSpecification","valueRequired":true,"valueName":"search_term_string"}}],"inLanguage":"fr-FR"},{"@type":"Organization","@id":"https:\/\/greenupstore.com\/#organization","name":"GreenUp","url":"https:\/\/greenupstore.com\/","logo":{"@type":"ImageObject","inLanguage":"fr-FR","@id":"https:\/\/greenupstore.com\/#\/schema\/logo\/image\/","url":"https:\/\/greenupstore.com\/wp-content\/uploads\/2025\/09\/cropped-green-2.png","contentUrl":"https:\/\/greenupstore.com\/wp-content\/uploads\/2025\/09\/cropped-green-2.png","width":555,"height":132,"caption":"GreenUp"},"image":{"@id":"https:\/\/greenupstore.com\/#\/schema\/logo\/image\/"}}]}},"jetpack_sharing_enabled":true,"_links":{"self":[{"href":"https:\/\/greenupstore.com\/index.php?rest_route=\/wp\/v2\/product\/692","targetHints":{"allow":["GET"]}}],"collection":[{"href":"https:\/\/greenupstore.com\/index.php?rest_route=\/wp\/v2\/product"}],"about":[{"href":"https:\/\/greenupstore.com\/index.php?rest_route=\/wp\/v2\/types\/product"}],"replies":[{"embeddable":true,"href":"https:\/\/greenupstore.com\/index.php?rest_route=%2Fwp%2Fv2%2Fcomments&post=692"}],"wp:featuredmedia":[{"embeddable":true,"href":"https:\/\/greenupstore.com\/index.php?rest_route=\/wp\/v2\/media\/703"}],"wp:attachment":[{"href":"https:\/\/greenupstore.com\/index.php?rest_route=%2Fwp%2Fv2%2Fmedia&parent=692"}],"wp:term":[{"taxonomy":"product_brand","embeddable":true,"href":"https:\/\/greenupstore.com\/index.php?rest_route=%2Fwp%2Fv2%2Fproduct_brand&post=692"},{"taxonomy":"product_cat","embeddable":true,"href":"https:\/\/greenupstore.com\/index.php?rest_route=%2Fwp%2Fv2%2Fproduct_cat&post=692"},{"taxonomy":"product_tag","embeddable":true,"href":"https:\/\/greenupstore.com\/index.php?rest_route=%2Fwp%2Fv2%2Fproduct_tag&post=692"}],"curies":[{"name":"wp","href":"https:\/\/api.w.org\/{rel}","templated":true}]}}