{"id":906,"date":"2025-12-07T04:05:42","date_gmt":"2025-12-07T03:05:42","guid":{"rendered":"https:\/\/greenupstore.com\/?post_type=product&#038;p=906"},"modified":"2025-12-08T09:40:07","modified_gmt":"2025-12-08T08:40:07","slug":"brosse-a-cheveux-en-bambou-rectangulaire-ecologique-%f0%9f%8c%bf","status":"publish","type":"product","link":"https:\/\/greenupstore.com\/?product=brosse-a-cheveux-en-bambou-rectangulaire-ecologique-%f0%9f%8c%bf","title":{"rendered":"Brosse \u00e0 Cheveux en Bambou Rectangulaire \u00c9cologique \ud83c\udf3f"},"content":{"rendered":"<p data-start=\"199\" data-end=\"585\"><img decoding=\"async\" class=\"emoji\" role=\"img\" draggable=\"false\" src=\"https:\/\/s.w.org\/images\/core\/emoji\/17.0.2\/svg\/1f49a.svg\" alt=\"\ud83d\udc9a\" \/>\u00a0Fabriqu\u00e9e en\u00a0<strong data-start=\"215\" data-end=\"236\">bambou \u00e9cologique<\/strong>, cette brosse \u00e0 cheveux allie\u00a0<strong data-start=\"267\" data-end=\"285\">design durable<\/strong>\u00a0et\u00a0<strong data-start=\"289\" data-end=\"313\">soin du cuir chevelu<\/strong>.<br data-start=\"314\" data-end=\"317\" \/>Gr\u00e2ce \u00e0 son\u00a0<strong data-start=\"329\" data-end=\"353\">coussin d\u2019air souple<\/strong>, elle offre un\u00a0<strong data-start=\"369\" data-end=\"385\">massage doux<\/strong>\u00a0qui stimule la circulation et favorise la\u00a0<strong data-start=\"428\" data-end=\"448\">sant\u00e9 capillaire<\/strong>.<br data-start=\"449\" data-end=\"452\" \/>Ses\u00a0<strong data-start=\"456\" data-end=\"488\">picots en bois antistatiques<\/strong>\u00a0pr\u00e9viennent les frisottis et la casse, tout en laissant les cheveux\u00a0<strong data-start=\"557\" data-end=\"580\">soyeux et brillants<\/strong>\u00a0<img decoding=\"async\" class=\"emoji\" role=\"img\" draggable=\"false\" src=\"https:\/\/s.w.org\/images\/core\/emoji\/17.0.2\/svg\/1f338.svg\" alt=\"\ud83c\udf38\" \/><\/p>\n<hr data-start=\"587\" data-end=\"590\" \/>\n<p data-start=\"592\" data-end=\"611\"><strong data-start=\"592\" data-end=\"609\"><img decoding=\"async\" class=\"emoji\" role=\"img\" draggable=\"false\" src=\"https:\/\/s.w.org\/images\/core\/emoji\/17.0.2\/svg\/2705.svg\" alt=\"\u2705\" \/>\u00a0Avantages :<\/strong><\/p>\n<ul data-start=\"612\" data-end=\"904\">\n<li data-start=\"612\" data-end=\"666\">\n<p data-start=\"614\" data-end=\"666\"><img decoding=\"async\" class=\"emoji\" role=\"img\" draggable=\"false\" src=\"https:\/\/s.w.org\/images\/core\/emoji\/17.0.2\/svg\/1f331.svg\" alt=\"\ud83c\udf31\" \/>\u00a0Mat\u00e9riau 100 %\u00a0<strong data-start=\"632\" data-end=\"664\">bambou naturel et \u00e9cologique<\/strong><\/p>\n<\/li>\n<li data-start=\"667\" data-end=\"719\">\n<p data-start=\"669\" data-end=\"719\"><img decoding=\"async\" class=\"emoji\" role=\"img\" draggable=\"false\" src=\"https:\/\/s.w.org\/images\/core\/emoji\/17.0.2\/svg\/1f486-200d-2640-fe0f.svg\" alt=\"\ud83d\udc86\u200d\u2640\ufe0f\" \/>\u00a0<strong data-start=\"675\" data-end=\"692\">Effet massage<\/strong>\u00a0relaxant du cuir chevelu<\/p>\n<\/li>\n<li data-start=\"720\" data-end=\"768\">\n<p data-start=\"722\" data-end=\"768\"><img decoding=\"async\" class=\"emoji\" role=\"img\" draggable=\"false\" src=\"https:\/\/s.w.org\/images\/core\/emoji\/17.0.2\/svg\/1f4a8.svg\" alt=\"\ud83d\udca8\" \/>\u00a0<strong data-start=\"725\" data-end=\"741\">Antistatique<\/strong>\u00a0et doux pour les cheveux<\/p>\n<\/li>\n<li data-start=\"769\" data-end=\"830\">\n<p data-start=\"771\" data-end=\"830\"><img decoding=\"async\" class=\"emoji\" role=\"img\" draggable=\"false\" src=\"https:\/\/s.w.org\/images\/core\/emoji\/17.0.2\/svg\/1f30d.svg\" alt=\"\ud83c\udf0d\" \/>\u00a0Id\u00e9ale pour une\u00a0<strong data-start=\"790\" data-end=\"828\">routine capillaire \u00e9co-responsable<\/strong><\/p>\n<\/li>\n<li data-start=\"831\" data-end=\"904\">\n<p data-start=\"833\" data-end=\"904\"><img decoding=\"async\" class=\"emoji\" role=\"img\" draggable=\"false\" src=\"https:\/\/s.w.org\/images\/core\/emoji\/17.0.2\/svg\/1f469-200d-1f9b0.svg\" alt=\"\ud83d\udc69\u200d\ud83e\uddb0\" \/>\u00a0Convient \u00e0 tous types de cheveux (fins, \u00e9pais, boucl\u00e9s, lisses)<\/p>\n<\/li>\n<\/ul>\n","protected":false},"excerpt":{"rendered":"<p>\u00a0Fabriqu\u00e9e en\u00a0bambou \u00e9cologique, cette brosse \u00e0 cheveux allie\u00a0design durable\u00a0et\u00a0soin du cuir chevelu.Gr\u00e2ce \u00e0 son\u00a0coussin d\u2019air souple, elle offre un\u00a0massage doux\u00a0qui [&hellip;]<\/p>\n","protected":false},"featured_media":907,"comment_status":"open","ping_status":"closed","template":"","meta":{"site-sidebar-layout":"default","site-content-layout":"","ast-site-content-layout":"default","site-content-style":"default","site-sidebar-style":"default","ast-global-header-display":"","ast-banner-title-visibility":"","ast-main-header-display":"","ast-hfb-above-header-display":"","ast-hfb-below-header-display":"","ast-hfb-mobile-header-display":"","site-post-title":"","ast-breadcrumbs-content":"","ast-featured-img":"","footer-sml-layout":"","theme-transparent-header-meta":"default","adv-header-id-meta":"","stick-header-meta":"","header-above-stick-meta":"","header-main-stick-meta":"","header-below-stick-meta":"","astra-migrate-meta-layouts":"set","ast-page-background-enabled":"default","ast-page-background-meta":{"desktop":{"background-color":"var(--ast-global-color-5)","background-image":"","background-repeat":"repeat","background-position":"center center","background-size":"auto","background-attachment":"scroll","background-type":"","background-media":"","overlay-type":"","overlay-color":"","overlay-opacity":"","overlay-gradient":""},"tablet":{"background-color":"","background-image":"","background-repeat":"repeat","background-position":"center center","background-size":"auto","background-attachment":"scroll","background-type":"","background-media":"","overlay-type":"","overlay-color":"","overlay-opacity":"","overlay-gradient":""},"mobile":{"background-color":"","background-image":"","background-repeat":"repeat","background-position":"center center","background-size":"auto","background-attachment":"scroll","background-type":"","background-media":"","overlay-type":"","overlay-color":"","overlay-opacity":"","overlay-gradient":""}},"ast-content-background-meta":{"desktop":{"background-color":"var(--ast-global-color-4)","background-image":"","background-repeat":"repeat","background-position":"center center","background-size":"auto","background-attachment":"scroll","background-type":"","background-media":"","overlay-type":"","overlay-color":"","overlay-opacity":"","overlay-gradient":""},"tablet":{"background-color":"var(--ast-global-color-4)","background-image":"","background-repeat":"repeat","background-position":"center center","background-size":"auto","background-attachment":"scroll","background-type":"","background-media":"","overlay-type":"","overlay-color":"","overlay-opacity":"","overlay-gradient":""},"mobile":{"background-color":"var(--ast-global-color-4)","background-image":"","background-repeat":"repeat","background-position":"center center","background-size":"auto","background-attachment":"scroll","background-type":"","background-media":"","overlay-type":"","overlay-color":"","overlay-opacity":"","overlay-gradient":""}}},"product_brand":[],"product_cat":[16,57],"product_tag":[69],"class_list":{"0":"post-906","1":"product","2":"type-product","3":"status-publish","4":"has-post-thumbnail","6":"product_cat-non-classe","7":"product_cat-accessoires-salle-de-bain","8":"product_tag-brosse","9":"desktop-align-left","10":"tablet-align-left","11":"mobile-align-left","13":"first","14":"instock","15":"taxable","16":"shipping-taxable","17":"purchasable","18":"product-type-simple"},"yoast_head":"<!-- This site is optimized with the Yoast SEO plugin v26.5 - https:\/\/yoast.com\/wordpress\/plugins\/seo\/ -->\n<title>Brosse \u00e0 Cheveux en Bambou Rectangulaire \u00c9cologique \ud83c\udf3f -<\/title>\n<meta name=\"robots\" content=\"index, follow, max-snippet:-1, max-image-preview:large, max-video-preview:-1\" \/>\n<link rel=\"canonical\" href=\"https:\/\/greenupstore.com\/produit\/brosse-a-cheveux-en-bambou-rectangulaire-ecologique-\ud83c\udf3f\/\" \/>\n<meta property=\"og:locale\" content=\"fr_FR\" \/>\n<meta property=\"og:type\" content=\"article\" \/>\n<meta property=\"og:title\" content=\"Brosse \u00e0 Cheveux en Bambou Rectangulaire \u00c9cologique \ud83c\udf3f -\" \/>\n<meta property=\"og:description\" content=\"\u00a0Fabriqu\u00e9e en\u00a0bambou \u00e9cologique, cette brosse \u00e0 cheveux allie\u00a0design durable\u00a0et\u00a0soin du cuir chevelu.Gr\u00e2ce \u00e0 son\u00a0coussin d\u2019air souple, elle offre un\u00a0massage doux\u00a0qui [&hellip;]\" \/>\n<meta property=\"og:url\" content=\"https:\/\/greenupstore.com\/produit\/brosse-a-cheveux-en-bambou-rectangulaire-ecologique-\ud83c\udf3f\/\" \/>\n<meta property=\"article:modified_time\" content=\"2025-12-08T08:40:07+00:00\" \/>\n<meta property=\"og:image\" content=\"https:\/\/greenupstore.com\/wp-content\/uploads\/2025\/12\/Capture-decran-2025-12-07-040118.png\" \/>\n\t<meta property=\"og:image:width\" content=\"845\" \/>\n\t<meta property=\"og:image:height\" content=\"842\" \/>\n\t<meta property=\"og:image:type\" content=\"image\/png\" \/>\n<meta name=\"twitter:card\" content=\"summary_large_image\" \/>\n<meta name=\"twitter:label1\" content=\"Dur\u00e9e de lecture estim\u00e9e\" \/>\n\t<meta name=\"twitter:data1\" content=\"3 minutes\" \/>\n<script type=\"application\/ld+json\" class=\"yoast-schema-graph\">{\"@context\":\"https:\/\/schema.org\",\"@graph\":[{\"@type\":\"WebPage\",\"@id\":\"https:\/\/greenupstore.com\/produit\/brosse-a-cheveux-en-bambou-rectangulaire-ecologique-%f0%9f%8c%bf\/\",\"url\":\"https:\/\/greenupstore.com\/produit\/brosse-a-cheveux-en-bambou-rectangulaire-ecologique-%f0%9f%8c%bf\/\",\"name\":\"Brosse \u00e0 Cheveux en Bambou Rectangulaire \u00c9cologique \ud83c\udf3f -\",\"isPartOf\":{\"@id\":\"https:\/\/greenupstore.com\/#website\"},\"primaryImageOfPage\":{\"@id\":\"https:\/\/greenupstore.com\/produit\/brosse-a-cheveux-en-bambou-rectangulaire-ecologique-%f0%9f%8c%bf\/#primaryimage\"},\"image\":{\"@id\":\"https:\/\/greenupstore.com\/produit\/brosse-a-cheveux-en-bambou-rectangulaire-ecologique-%f0%9f%8c%bf\/#primaryimage\"},\"thumbnailUrl\":\"https:\/\/greenupstore.com\/wp-content\/uploads\/2025\/12\/Capture-decran-2025-12-07-040118.png\",\"datePublished\":\"2025-12-07T03:05:42+00:00\",\"dateModified\":\"2025-12-08T08:40:07+00:00\",\"breadcrumb\":{\"@id\":\"https:\/\/greenupstore.com\/produit\/brosse-a-cheveux-en-bambou-rectangulaire-ecologique-%f0%9f%8c%bf\/#breadcrumb\"},\"inLanguage\":\"fr-FR\",\"potentialAction\":[{\"@type\":\"ReadAction\",\"target\":[\"https:\/\/greenupstore.com\/produit\/brosse-a-cheveux-en-bambou-rectangulaire-ecologique-%f0%9f%8c%bf\/\"]}]},{\"@type\":\"ImageObject\",\"inLanguage\":\"fr-FR\",\"@id\":\"https:\/\/greenupstore.com\/produit\/brosse-a-cheveux-en-bambou-rectangulaire-ecologique-%f0%9f%8c%bf\/#primaryimage\",\"url\":\"https:\/\/greenupstore.com\/wp-content\/uploads\/2025\/12\/Capture-decran-2025-12-07-040118.png\",\"contentUrl\":\"https:\/\/greenupstore.com\/wp-content\/uploads\/2025\/12\/Capture-decran-2025-12-07-040118.png\",\"width\":845,\"height\":842},{\"@type\":\"BreadcrumbList\",\"@id\":\"https:\/\/greenupstore.com\/produit\/brosse-a-cheveux-en-bambou-rectangulaire-ecologique-%f0%9f%8c%bf\/#breadcrumb\",\"itemListElement\":[{\"@type\":\"ListItem\",\"position\":1,\"name\":\"Accueil\",\"item\":\"https:\/\/greenupstore.com\/\"},{\"@type\":\"ListItem\",\"position\":2,\"name\":\"Tous les produits\",\"item\":\"https:\/\/greenupstore.com\/?page_id=425\"},{\"@type\":\"ListItem\",\"position\":3,\"name\":\"Brosse \u00e0 Cheveux en Bambou Rectangulaire \u00c9cologique \ud83c\udf3f\"}]},{\"@type\":\"WebSite\",\"@id\":\"https:\/\/greenupstore.com\/#website\",\"url\":\"https:\/\/greenupstore.com\/\",\"name\":\"https:\/\/greenupstore.com\/\",\"description\":\"\",\"publisher\":{\"@id\":\"https:\/\/greenupstore.com\/#organization\"},\"potentialAction\":[{\"@type\":\"SearchAction\",\"target\":{\"@type\":\"EntryPoint\",\"urlTemplate\":\"https:\/\/greenupstore.com\/?s={search_term_string}\"},\"query-input\":{\"@type\":\"PropertyValueSpecification\",\"valueRequired\":true,\"valueName\":\"search_term_string\"}}],\"inLanguage\":\"fr-FR\"},{\"@type\":\"Organization\",\"@id\":\"https:\/\/greenupstore.com\/#organization\",\"name\":\"GreenUp\",\"url\":\"https:\/\/greenupstore.com\/\",\"logo\":{\"@type\":\"ImageObject\",\"inLanguage\":\"fr-FR\",\"@id\":\"https:\/\/greenupstore.com\/#\/schema\/logo\/image\/\",\"url\":\"https:\/\/greenupstore.com\/wp-content\/uploads\/2025\/09\/cropped-green-2.png\",\"contentUrl\":\"https:\/\/greenupstore.com\/wp-content\/uploads\/2025\/09\/cropped-green-2.png\",\"width\":555,\"height\":132,\"caption\":\"GreenUp\"},\"image\":{\"@id\":\"https:\/\/greenupstore.com\/#\/schema\/logo\/image\/\"}}]}<\/script>\n<!-- \/ Yoast SEO plugin. -->","yoast_head_json":{"title":"Brosse \u00e0 Cheveux en Bambou Rectangulaire \u00c9cologique \ud83c\udf3f -","robots":{"index":"index","follow":"follow","max-snippet":"max-snippet:-1","max-image-preview":"max-image-preview:large","max-video-preview":"max-video-preview:-1"},"canonical":"https:\/\/greenupstore.com\/produit\/brosse-a-cheveux-en-bambou-rectangulaire-ecologique-\ud83c\udf3f\/","og_locale":"fr_FR","og_type":"article","og_title":"Brosse \u00e0 Cheveux en Bambou Rectangulaire \u00c9cologique \ud83c\udf3f -","og_description":"\u00a0Fabriqu\u00e9e en\u00a0bambou \u00e9cologique, cette brosse \u00e0 cheveux allie\u00a0design durable\u00a0et\u00a0soin du cuir chevelu.Gr\u00e2ce \u00e0 son\u00a0coussin d\u2019air souple, elle offre un\u00a0massage doux\u00a0qui [&hellip;]","og_url":"https:\/\/greenupstore.com\/produit\/brosse-a-cheveux-en-bambou-rectangulaire-ecologique-\ud83c\udf3f\/","article_modified_time":"2025-12-08T08:40:07+00:00","og_image":[{"width":845,"height":842,"url":"https:\/\/greenupstore.com\/wp-content\/uploads\/2025\/12\/Capture-decran-2025-12-07-040118.png","type":"image\/png"}],"twitter_card":"summary_large_image","twitter_misc":{"Dur\u00e9e de lecture estim\u00e9e":"3 minutes"},"schema":{"@context":"https:\/\/schema.org","@graph":[{"@type":"WebPage","@id":"https:\/\/greenupstore.com\/produit\/brosse-a-cheveux-en-bambou-rectangulaire-ecologique-%f0%9f%8c%bf\/","url":"https:\/\/greenupstore.com\/produit\/brosse-a-cheveux-en-bambou-rectangulaire-ecologique-%f0%9f%8c%bf\/","name":"Brosse \u00e0 Cheveux en Bambou Rectangulaire \u00c9cologique \ud83c\udf3f -","isPartOf":{"@id":"https:\/\/greenupstore.com\/#website"},"primaryImageOfPage":{"@id":"https:\/\/greenupstore.com\/produit\/brosse-a-cheveux-en-bambou-rectangulaire-ecologique-%f0%9f%8c%bf\/#primaryimage"},"image":{"@id":"https:\/\/greenupstore.com\/produit\/brosse-a-cheveux-en-bambou-rectangulaire-ecologique-%f0%9f%8c%bf\/#primaryimage"},"thumbnailUrl":"https:\/\/greenupstore.com\/wp-content\/uploads\/2025\/12\/Capture-decran-2025-12-07-040118.png","datePublished":"2025-12-07T03:05:42+00:00","dateModified":"2025-12-08T08:40:07+00:00","breadcrumb":{"@id":"https:\/\/greenupstore.com\/produit\/brosse-a-cheveux-en-bambou-rectangulaire-ecologique-%f0%9f%8c%bf\/#breadcrumb"},"inLanguage":"fr-FR","potentialAction":[{"@type":"ReadAction","target":["https:\/\/greenupstore.com\/produit\/brosse-a-cheveux-en-bambou-rectangulaire-ecologique-%f0%9f%8c%bf\/"]}]},{"@type":"ImageObject","inLanguage":"fr-FR","@id":"https:\/\/greenupstore.com\/produit\/brosse-a-cheveux-en-bambou-rectangulaire-ecologique-%f0%9f%8c%bf\/#primaryimage","url":"https:\/\/greenupstore.com\/wp-content\/uploads\/2025\/12\/Capture-decran-2025-12-07-040118.png","contentUrl":"https:\/\/greenupstore.com\/wp-content\/uploads\/2025\/12\/Capture-decran-2025-12-07-040118.png","width":845,"height":842},{"@type":"BreadcrumbList","@id":"https:\/\/greenupstore.com\/produit\/brosse-a-cheveux-en-bambou-rectangulaire-ecologique-%f0%9f%8c%bf\/#breadcrumb","itemListElement":[{"@type":"ListItem","position":1,"name":"Accueil","item":"https:\/\/greenupstore.com\/"},{"@type":"ListItem","position":2,"name":"Tous les produits","item":"https:\/\/greenupstore.com\/?page_id=425"},{"@type":"ListItem","position":3,"name":"Brosse \u00e0 Cheveux en Bambou Rectangulaire \u00c9cologique \ud83c\udf3f"}]},{"@type":"WebSite","@id":"https:\/\/greenupstore.com\/#website","url":"https:\/\/greenupstore.com\/","name":"https:\/\/greenupstore.com\/","description":"","publisher":{"@id":"https:\/\/greenupstore.com\/#organization"},"potentialAction":[{"@type":"SearchAction","target":{"@type":"EntryPoint","urlTemplate":"https:\/\/greenupstore.com\/?s={search_term_string}"},"query-input":{"@type":"PropertyValueSpecification","valueRequired":true,"valueName":"search_term_string"}}],"inLanguage":"fr-FR"},{"@type":"Organization","@id":"https:\/\/greenupstore.com\/#organization","name":"GreenUp","url":"https:\/\/greenupstore.com\/","logo":{"@type":"ImageObject","inLanguage":"fr-FR","@id":"https:\/\/greenupstore.com\/#\/schema\/logo\/image\/","url":"https:\/\/greenupstore.com\/wp-content\/uploads\/2025\/09\/cropped-green-2.png","contentUrl":"https:\/\/greenupstore.com\/wp-content\/uploads\/2025\/09\/cropped-green-2.png","width":555,"height":132,"caption":"GreenUp"},"image":{"@id":"https:\/\/greenupstore.com\/#\/schema\/logo\/image\/"}}]}},"jetpack_sharing_enabled":true,"_links":{"self":[{"href":"https:\/\/greenupstore.com\/index.php?rest_route=\/wp\/v2\/product\/906","targetHints":{"allow":["GET"]}}],"collection":[{"href":"https:\/\/greenupstore.com\/index.php?rest_route=\/wp\/v2\/product"}],"about":[{"href":"https:\/\/greenupstore.com\/index.php?rest_route=\/wp\/v2\/types\/product"}],"replies":[{"embeddable":true,"href":"https:\/\/greenupstore.com\/index.php?rest_route=%2Fwp%2Fv2%2Fcomments&post=906"}],"wp:featuredmedia":[{"embeddable":true,"href":"https:\/\/greenupstore.com\/index.php?rest_route=\/wp\/v2\/media\/907"}],"wp:attachment":[{"href":"https:\/\/greenupstore.com\/index.php?rest_route=%2Fwp%2Fv2%2Fmedia&parent=906"}],"wp:term":[{"taxonomy":"product_brand","embeddable":true,"href":"https:\/\/greenupstore.com\/index.php?rest_route=%2Fwp%2Fv2%2Fproduct_brand&post=906"},{"taxonomy":"product_cat","embeddable":true,"href":"https:\/\/greenupstore.com\/index.php?rest_route=%2Fwp%2Fv2%2Fproduct_cat&post=906"},{"taxonomy":"product_tag","embeddable":true,"href":"https:\/\/greenupstore.com\/index.php?rest_route=%2Fwp%2Fv2%2Fproduct_tag&post=906"}],"curies":[{"name":"wp","href":"https:\/\/api.w.org\/{rel}","templated":true}]}}